{"id":681,"date":"2022-05-13T16:52:52","date_gmt":"2022-05-13T14:52:52","guid":{"rendered":"https:\/\/bioeducator.eu\/?page_id=681"},"modified":"2022-05-13T17:03:59","modified_gmt":"2022-05-13T15:03:59","slug":"contuct","status":"publish","type":"page","link":"https:\/\/bioeducator.eu\/?page_id=681&lang=en","title":{"rendered":"Contact"},"content":{"rendered":"\n<div class=\"wp-block-columns is-layout-flex wp-container-core-columns-is-layout-9d6595d7 wp-block-columns-is-layout-flex\">\n<div class=\"wp-block-column is-layout-flow wp-block-column-is-layout-flow\">\n<figure class=\"wp-block-image size-large is-resized\"><img loading=\"lazy\" decoding=\"async\" src=\"http:\/\/bioeducator.eu\/wp-content\/uploads\/2022\/01\/TextBiotech8-1024x830.png\" alt=\"\" class=\"wp-image-180\" width=\"252\" height=\"204\" srcset=\"https:\/\/bioeducator.eu\/wp-content\/uploads\/2022\/01\/TextBiotech8-1024x830.png 1024w, https:\/\/bioeducator.eu\/wp-content\/uploads\/2022\/01\/TextBiotech8-300x243.png 300w, https:\/\/bioeducator.eu\/wp-content\/uploads\/2022\/01\/TextBiotech8-768x622.png 768w, https:\/\/bioeducator.eu\/wp-content\/uploads\/2022\/01\/TextBiotech8.png 1139w\" sizes=\"auto, (max-width: 252px) 100vw, 252px\" \/><\/figure>\n<\/div>\n\n\n\n<div class=\"wp-block-column is-layout-flow wp-block-column-is-layout-flow\">\n<p><strong>TextBiotech Ma\u0142gorzata Obuchowicz<\/strong><\/p>\n\n\n\n<p>tel: 512-217-425<\/p>\n\n\n\n<p>e-mail: <a href=\"mailto:textbiotech@gmail.com\">textbiotech@<\/a>textbiotech.com.pl<\/p>\n\n\n\n<p>e-mail: <a href=\"mailto:bioeducator@bioeducator.eu\">bioeducator@bioeducator.eu<\/a><\/p>\n<\/div>\n<\/div>\n\n\n\n<h2 class=\"wp-block-heading\" id=\"contact-us\">Contact us!<\/h2>\n\n\n<div class=\"wpforms-container wpforms-container-full wpforms-block\" id=\"wpforms-690\"><form id=\"wpforms-form-690\" class=\"wpforms-validate wpforms-form wpforms-ajax-form\" data-formid=\"690\" method=\"post\" enctype=\"multipart\/form-data\" action=\"\/index.php?rest_route=%2Fwp%2Fv2%2Fpages%2F681\" data-token=\"c3f6f9923ff2ea47bdf4bcafa5e2181a\" data-token-time=\"1776413058\"><noscript class=\"wpforms-error-noscript\">Aby wype\u0142ni\u0107 ten formularz, w\u0142\u0105cz obs\u0142ug\u0119 JavaScript w przegl\u0105darce.<\/noscript><div class=\"wpforms-field-container\"><div id=\"wpforms-690-field_0-container\" class=\"wpforms-field wpforms-field-name\" data-field-id=\"0\"><label class=\"wpforms-field-label\" for=\"wpforms-690-field_0\">Name <span class=\"wpforms-required-label\">*<\/span><\/label><input type=\"text\" id=\"wpforms-690-field_0\" class=\"wpforms-field-medium wpforms-field-required\" name=\"wpforms[fields][0]\" required><\/div><div id=\"wpforms-690-field_1-container\" class=\"wpforms-field wpforms-field-email\" data-field-id=\"1\"><label class=\"wpforms-field-label\" for=\"wpforms-690-field_1\">E-mail <span class=\"wpforms-required-label\">*<\/span><\/label><input type=\"email\" id=\"wpforms-690-field_1\" class=\"wpforms-field-medium wpforms-field-required\" name=\"wpforms[fields][1]\" spellcheck=\"false\" required><\/div><div id=\"wpforms-690-field_2-container\" class=\"wpforms-field wpforms-field-textarea\" data-field-id=\"2\"><label class=\"wpforms-field-label\" for=\"wpforms-690-field_2\">Message <span class=\"wpforms-required-label\">*<\/span><\/label><textarea id=\"wpforms-690-field_2\" class=\"wpforms-field-medium wpforms-field-required\" name=\"wpforms[fields][2]\" required><\/textarea><\/div><\/div><!-- .wpforms-field-container --><div class=\"wpforms-submit-container\" ><input type=\"hidden\" name=\"wpforms[id]\" value=\"690\"><input type=\"hidden\" name=\"page_title\" value=\"\"><input type=\"hidden\" name=\"page_url\" value=\"https:\/\/bioeducator.eu\/index.php?rest_route=\/wp\/v2\/pages\/681\"><input type=\"hidden\" name=\"url_referer\" value=\"\"><button type=\"submit\" name=\"wpforms[submit]\" id=\"wpforms-submit-690\" class=\"wpforms-submit\" data-alt-text=\"sending....\" data-submit-text=\"Submit\" aria-live=\"assertive\" value=\"wpforms-submit\">Submit<\/button><img loading=\"lazy\" decoding=\"async\" src=\"https:\/\/bioeducator.eu\/wp-content\/plugins\/wpforms-lite\/assets\/images\/submit-spin.svg\" class=\"wpforms-submit-spinner\" style=\"display: none;\" width=\"26\" height=\"26\" alt=\"Wczytywanie\"><\/div><\/form><\/div>  <!-- .wpforms-container -->","protected":false},"excerpt":{"rendered":"<p>TextBiotech Ma\u0142gorzata Obuchowicz tel: 512-217-425 e-mail: textbiotech@textbiotech.com.pl e-mail: bioeducator@bioeducator.eu Contact us!<\/p>\n","protected":false},"author":1,"featured_media":0,"parent":590,"menu_order":0,"comment_status":"closed","ping_status":"closed","template":"","meta":{"_sitemap_exclude":false,"_sitemap_priority":"","_sitemap_frequency":"","footnotes":""},"class_list":["post-681","page","type-page","status-publish","hentry"],"yoast_head":"<!-- This site is optimized with the Yoast SEO plugin v27.0 - https:\/\/yoast.com\/product\/yoast-seo-wordpress\/ -->\n<title>Contact - Bioeducator.eu<\/title>\n<meta name=\"description\" content=\"textbiotech@gmail.com; bioeducator@bioeducator.eu tel. 512-217-425\" \/>\n<meta name=\"robots\" content=\"index, follow, max-snippet:-1, max-image-preview:large, max-video-preview:-1\" \/>\n<link rel=\"canonical\" href=\"https:\/\/bioeducator.eu\/?page_id=681&lang=en\" \/>\n<meta property=\"og:locale\" content=\"pl_PL\" \/>\n<meta property=\"og:type\" content=\"article\" \/>\n<meta property=\"og:title\" content=\"Kontakt\" \/>\n<meta property=\"og:description\" content=\"textbiotech@gmail.com; bioeducator@bioeducator.eu tel. 512-217-425\" \/>\n<meta property=\"og:url\" content=\"https:\/\/bioeducator.eu\/?page_id=681&amp;lang=en\" \/>\n<meta property=\"og:site_name\" content=\"Bioeducator.eu\" \/>\n<meta property=\"article:modified_time\" content=\"2022-05-13T15:03:59+00:00\" \/>\n<meta property=\"og:image\" content=\"http:\/\/bioeducator.eu\/wp-content\/uploads\/2022\/01\/TextBiotech8.png\" \/>\n<meta name=\"twitter:card\" content=\"summary_large_image\" \/>\n<meta name=\"twitter:title\" content=\"Kontakt\" \/>\n<meta name=\"twitter:image\" content=\"http:\/\/bioeducator.eu\/wp-content\/uploads\/2022\/01\/TextBiotech8.png\" \/>\n<meta name=\"twitter:label1\" content=\"Szacowany czas czytania\" \/>\n\t<meta name=\"twitter:data1\" content=\"1 minuta\" \/>\n<script type=\"application\/ld+json\" class=\"yoast-schema-graph\">{\"@context\":\"https:\/\/schema.org\",\"@graph\":[{\"@type\":\"WebPage\",\"@id\":\"https:\/\/bioeducator.eu\/?page_id=681&lang=en\",\"url\":\"https:\/\/bioeducator.eu\/?page_id=681&lang=en\",\"name\":\"Contact - Bioeducator.eu\",\"isPartOf\":{\"@id\":\"https:\/\/bioeducator.eu\/#website\"},\"primaryImageOfPage\":{\"@id\":\"https:\/\/bioeducator.eu\/?page_id=681&lang=en#primaryimage\"},\"image\":{\"@id\":\"https:\/\/bioeducator.eu\/?page_id=681&lang=en#primaryimage\"},\"thumbnailUrl\":\"http:\/\/bioeducator.eu\/wp-content\/uploads\/2022\/01\/TextBiotech8-1024x830.png\",\"datePublished\":\"2022-05-13T14:52:52+00:00\",\"dateModified\":\"2022-05-13T15:03:59+00:00\",\"description\":\"textbiotech@gmail.com; bioeducator@bioeducator.eu tel. 512-217-425\",\"breadcrumb\":{\"@id\":\"https:\/\/bioeducator.eu\/?page_id=681&lang=en#breadcrumb\"},\"inLanguage\":\"pl-PL\",\"potentialAction\":[{\"@type\":\"ReadAction\",\"target\":[\"https:\/\/bioeducator.eu\/?page_id=681&lang=en\"]}]},{\"@type\":\"ImageObject\",\"inLanguage\":\"pl-PL\",\"@id\":\"https:\/\/bioeducator.eu\/?page_id=681&lang=en#primaryimage\",\"url\":\"http:\/\/bioeducator.eu\/wp-content\/uploads\/2022\/01\/TextBiotech8-1024x830.png\",\"contentUrl\":\"http:\/\/bioeducator.eu\/wp-content\/uploads\/2022\/01\/TextBiotech8-1024x830.png\"},{\"@type\":\"BreadcrumbList\",\"@id\":\"https:\/\/bioeducator.eu\/?page_id=681&lang=en#breadcrumb\",\"itemListElement\":[{\"@type\":\"ListItem\",\"position\":1,\"name\":\"Strona g\u0142\u00f3wna\",\"item\":\"https:\/\/bioeducator.eu\/\"},{\"@type\":\"ListItem\",\"position\":2,\"name\":\"Bioeducator &#8211; English\",\"item\":\"https:\/\/bioeducator.eu\/?page_id=590&lang=en\"},{\"@type\":\"ListItem\",\"position\":3,\"name\":\"Contact\"}]},{\"@type\":\"WebSite\",\"@id\":\"https:\/\/bioeducator.eu\/#website\",\"url\":\"https:\/\/bioeducator.eu\/\",\"name\":\"Bioeducator.eu\",\"description\":\"\",\"publisher\":{\"@id\":\"https:\/\/bioeducator.eu\/#organization\"},\"potentialAction\":[{\"@type\":\"SearchAction\",\"target\":{\"@type\":\"EntryPoint\",\"urlTemplate\":\"https:\/\/bioeducator.eu\/?s={search_term_string}\"},\"query-input\":{\"@type\":\"PropertyValueSpecification\",\"valueRequired\":true,\"valueName\":\"search_term_string\"}}],\"inLanguage\":\"pl-PL\"},{\"@type\":\"Organization\",\"@id\":\"https:\/\/bioeducator.eu\/#organization\",\"name\":\"Bioeducator.eu\",\"url\":\"https:\/\/bioeducator.eu\/\",\"logo\":{\"@type\":\"ImageObject\",\"inLanguage\":\"pl-PL\",\"@id\":\"https:\/\/bioeducator.eu\/#\/schema\/logo\/image\/\",\"url\":\"https:\/\/bioeducator.eu\/wp-content\/uploads\/2025\/03\/Bioeducator_logo_poziom.png\",\"contentUrl\":\"https:\/\/bioeducator.eu\/wp-content\/uploads\/2025\/03\/Bioeducator_logo_poziom.png\",\"width\":3910,\"height\":935,\"caption\":\"Bioeducator.eu\"},\"image\":{\"@id\":\"https:\/\/bioeducator.eu\/#\/schema\/logo\/image\/\"}}]}<\/script>\n<!-- \/ Yoast SEO plugin. -->","yoast_head_json":{"title":"Contact - Bioeducator.eu","description":"textbiotech@gmail.com; bioeducator@bioeducator.eu tel. 512-217-425","robots":{"index":"index","follow":"follow","max-snippet":"max-snippet:-1","max-image-preview":"max-image-preview:large","max-video-preview":"max-video-preview:-1"},"canonical":"https:\/\/bioeducator.eu\/?page_id=681&lang=en","og_locale":"pl_PL","og_type":"article","og_title":"Kontakt","og_description":"textbiotech@gmail.com; bioeducator@bioeducator.eu tel. 512-217-425","og_url":"https:\/\/bioeducator.eu\/?page_id=681&lang=en","og_site_name":"Bioeducator.eu","article_modified_time":"2022-05-13T15:03:59+00:00","og_image":[{"url":"http:\/\/bioeducator.eu\/wp-content\/uploads\/2022\/01\/TextBiotech8.png","type":"","width":"","height":""}],"twitter_card":"summary_large_image","twitter_title":"Kontakt","twitter_image":"http:\/\/bioeducator.eu\/wp-content\/uploads\/2022\/01\/TextBiotech8.png","twitter_misc":{"Szacowany czas czytania":"1 minuta"},"schema":{"@context":"https:\/\/schema.org","@graph":[{"@type":"WebPage","@id":"https:\/\/bioeducator.eu\/?page_id=681&lang=en","url":"https:\/\/bioeducator.eu\/?page_id=681&lang=en","name":"Contact - Bioeducator.eu","isPartOf":{"@id":"https:\/\/bioeducator.eu\/#website"},"primaryImageOfPage":{"@id":"https:\/\/bioeducator.eu\/?page_id=681&lang=en#primaryimage"},"image":{"@id":"https:\/\/bioeducator.eu\/?page_id=681&lang=en#primaryimage"},"thumbnailUrl":"http:\/\/bioeducator.eu\/wp-content\/uploads\/2022\/01\/TextBiotech8-1024x830.png","datePublished":"2022-05-13T14:52:52+00:00","dateModified":"2022-05-13T15:03:59+00:00","description":"textbiotech@gmail.com; bioeducator@bioeducator.eu tel. 512-217-425","breadcrumb":{"@id":"https:\/\/bioeducator.eu\/?page_id=681&lang=en#breadcrumb"},"inLanguage":"pl-PL","potentialAction":[{"@type":"ReadAction","target":["https:\/\/bioeducator.eu\/?page_id=681&lang=en"]}]},{"@type":"ImageObject","inLanguage":"pl-PL","@id":"https:\/\/bioeducator.eu\/?page_id=681&lang=en#primaryimage","url":"http:\/\/bioeducator.eu\/wp-content\/uploads\/2022\/01\/TextBiotech8-1024x830.png","contentUrl":"http:\/\/bioeducator.eu\/wp-content\/uploads\/2022\/01\/TextBiotech8-1024x830.png"},{"@type":"BreadcrumbList","@id":"https:\/\/bioeducator.eu\/?page_id=681&lang=en#breadcrumb","itemListElement":[{"@type":"ListItem","position":1,"name":"Strona g\u0142\u00f3wna","item":"https:\/\/bioeducator.eu\/"},{"@type":"ListItem","position":2,"name":"Bioeducator &#8211; English","item":"https:\/\/bioeducator.eu\/?page_id=590&lang=en"},{"@type":"ListItem","position":3,"name":"Contact"}]},{"@type":"WebSite","@id":"https:\/\/bioeducator.eu\/#website","url":"https:\/\/bioeducator.eu\/","name":"Bioeducator.eu","description":"","publisher":{"@id":"https:\/\/bioeducator.eu\/#organization"},"potentialAction":[{"@type":"SearchAction","target":{"@type":"EntryPoint","urlTemplate":"https:\/\/bioeducator.eu\/?s={search_term_string}"},"query-input":{"@type":"PropertyValueSpecification","valueRequired":true,"valueName":"search_term_string"}}],"inLanguage":"pl-PL"},{"@type":"Organization","@id":"https:\/\/bioeducator.eu\/#organization","name":"Bioeducator.eu","url":"https:\/\/bioeducator.eu\/","logo":{"@type":"ImageObject","inLanguage":"pl-PL","@id":"https:\/\/bioeducator.eu\/#\/schema\/logo\/image\/","url":"https:\/\/bioeducator.eu\/wp-content\/uploads\/2025\/03\/Bioeducator_logo_poziom.png","contentUrl":"https:\/\/bioeducator.eu\/wp-content\/uploads\/2025\/03\/Bioeducator_logo_poziom.png","width":3910,"height":935,"caption":"Bioeducator.eu"},"image":{"@id":"https:\/\/bioeducator.eu\/#\/schema\/logo\/image\/"}}]}},"_links":{"self":[{"href":"https:\/\/bioeducator.eu\/index.php?rest_route=\/wp\/v2\/pages\/681","targetHints":{"allow":["GET"]}}],"collection":[{"href":"https:\/\/bioeducator.eu\/index.php?rest_route=\/wp\/v2\/pages"}],"about":[{"href":"https:\/\/bioeducator.eu\/index.php?rest_route=\/wp\/v2\/types\/page"}],"author":[{"embeddable":true,"href":"https:\/\/bioeducator.eu\/index.php?rest_route=\/wp\/v2\/users\/1"}],"replies":[{"embeddable":true,"href":"https:\/\/bioeducator.eu\/index.php?rest_route=%2Fwp%2Fv2%2Fcomments&post=681"}],"version-history":[{"count":6,"href":"https:\/\/bioeducator.eu\/index.php?rest_route=\/wp\/v2\/pages\/681\/revisions"}],"predecessor-version":[{"id":693,"href":"https:\/\/bioeducator.eu\/index.php?rest_route=\/wp\/v2\/pages\/681\/revisions\/693"}],"up":[{"embeddable":true,"href":"https:\/\/bioeducator.eu\/index.php?rest_route=\/wp\/v2\/pages\/590"}],"wp:attachment":[{"href":"https:\/\/bioeducator.eu\/index.php?rest_route=%2Fwp%2Fv2%2Fmedia&parent=681"}],"curies":[{"name":"wp","href":"https:\/\/api.w.org\/{rel}","templated":true}]}}