{"id":607,"date":"2022-05-10T22:57:21","date_gmt":"2022-05-10T20:57:21","guid":{"rendered":"https:\/\/bioeducator.eu\/?page_id=607"},"modified":"2026-01-30T14:53:12","modified_gmt":"2026-01-30T13:53:12","slug":"organizacja-pracowni-in-vitro","status":"publish","type":"page","link":"https:\/\/bioeducator.eu\/?page_id=607","title":{"rendered":"<strong>Organizacja pracowni in vitro.<\/strong>"},"content":{"rendered":"\n<p>Hodowle kom\u00f3rek i tkanek to szczeg\u00f3lny typ eksperyment\u00f3w. Do ich prowadzenia potrzebne jest zapewnienie specjalnych warunk\u00f3w. Projektuj\u0105c pracowni\u0119 in vitro nale\u017cy wzi\u0105\u0107 pod uwag\u0119 nast\u0119puj\u0105ce aspekty: bezpiecze\u0144stwo operatora, ochron\u0119 materia\u0142u oraz zapobieganie zanieczyszczeniu \u015brodowiska.<\/p>\n\n\n\n<p>Pierwszym pytaniem, jakie nale\u017cy zada\u0107 sobie przed przyst\u0105pieniem do projektowania pracowni in vitro brzmi: jakie organizmy, czy te\u017c kom\u00f3rki jakich organizm\u00f3w zamierzamy hodowa\u0107. Wymogi dla warunk\u00f3w, jakie nale\u017cy zapewni\u0107 podczas pracy z poszczeg\u00f3lnymi typami organizm\u00f3w s\u0105 \u015bci\u015ble okre\u015blone za pomoc\u0105 klasyfikacji BSL. BSL to skr\u00f3t od <strong>\u201eBiosafety Level\u201d,<\/strong> czyli<a href=\"https:\/\/bioeducator.eu\/?page_id=545\"> <strong>poziom bezpiecze\u0144stwa biologicznego<\/strong>.<\/a> Wyr\u00f3\u017cnia si\u0119 4 klasy BSL. Przegl\u0105d wszystkich poziom\u00f3w bezpiecze\u0144stwa biologicznego znajduje si\u0119 <a href=\"https:\/\/bioeducator.eu\/?page_id=545\" target=\"_blank\" rel=\"noreferrer noopener\"><strong>tutaj<\/strong>.<\/a> W poni\u017cszym artykule skupimy si\u0119 na BSL-2, gdy\u017c jest on wystarczaj\u0105cy dla wi\u0119kszo\u015bci laboratori\u00f3w.<\/p>\n\n\n\n<h2 class=\"wp-block-heading\" id=\"od-czego-zaczac-jak-zaplanowac-organizacje-pracowni-in-vitro-aby-spelniala-ona-okreslone-wymogi\">Od czego zacz\u0105\u0107? Jak zaplanowa\u0107 organizacj\u0119 pracowni in vitro aby spe\u0142nia\u0142a ona okre\u015blone wymogi?<\/h2>\n\n\n\n<p>Najwa\u017cniejsz\u0105 spraw\u0105 na pocz\u0105tek jest okre\u015blenie rodzaju organizm\u00f3w, kt\u00f3re b\u0119dziemy hodowa\u0107. Dla ka\u017cdego organizmu powinien by\u0107 okre\u015blony poziom bezpiecze\u0144stwa biologicznego. Warunki pracy nale\u017cy dostosowa\u0107 do organizmu z najwy\u017cszego poziomu bezpiecze\u0144stwa biologicznego. Czyli, je\u017celi w naszym laboratorium mog\u0105 pojawi\u0107 si\u0119 pr\u00f3bki zawieraj\u0105ce np. Mycobacterium tuberculosis, powinno ono spe\u0142nia\u0107 wymogi dla BSL-3 mimo, \u017ce na co dzie\u0144 pracujemy z organizmami z ni\u017cszych poziom\u00f3w.<\/p>\n\n\n\n<div class=\"wp-block-media-text alignwide has-media-on-the-right is-stacked-on-mobile\"><div class=\"wp-block-media-text__content\">\n<p>Najcz\u0119\u015bciej w laboratoriach badawczo- naukowych pracuje si\u0119 z &nbsp;organizmami maksymalnie z BSL-2. Przyk\u0142ady takich organizm\u00f3w to np. wirus HIV jak r\u00f3wnie\u017c wirusy zapalenia w\u0105troby typu A, B lub C.&nbsp; Nale\u017c\u0105 do nich r\u00f3wnie\u017c&nbsp; Plasmodium falciparum i Toxoplasma gondii, a nawet priony takie jak vCJD , kt\u00f3re cz\u0119sto jednak badane s\u0105 w laboratoriach wy\u017cszej klasy. Organizmy zaklasyfikowane jako BSL-2 stanowi\u0105 umiarkowane zagro\u017cenie zar\u00f3wno dla operatora, jak r\u00f3wnie\u017c \u015brodowiska.<\/p>\n<\/div><figure class=\"wp-block-media-text__media\"><img loading=\"lazy\" decoding=\"async\" width=\"360\" height=\"240\" src=\"https:\/\/bioeducator.eu\/wp-content\/uploads\/2022\/05\/240_F_63275143_CEMCAnvUGUsm4cHmMhX7FdfC88Hyf8Fi.jpg\" alt=\"Bakterie e-coli. Hodowla kom\u00f3rek in vitro. Organizacja pracowni in vitro.\" class=\"wp-image-608 size-full\" srcset=\"https:\/\/bioeducator.eu\/wp-content\/uploads\/2022\/05\/240_F_63275143_CEMCAnvUGUsm4cHmMhX7FdfC88Hyf8Fi.jpg 360w, https:\/\/bioeducator.eu\/wp-content\/uploads\/2022\/05\/240_F_63275143_CEMCAnvUGUsm4cHmMhX7FdfC88Hyf8Fi-300x200.jpg 300w\" sizes=\"auto, (max-width: 360px) 100vw, 360px\" \/><\/figure><\/div>\n\n\n\n<p>O\u015brodk\u00f3w spe\u0142niaj\u0105cych warunki BSL-3 i BSL-4 jest mniej, ale to do nich kierowane s\u0105 pr\u00f3bki zawieraj\u0105ce materia\u0142 powy\u017cej BSL-2.<\/p>\n\n\n\n<h2 class=\"wp-block-heading\" id=\"wybor-pomieszczenia\">Wyb\u00f3r pomieszczenia<\/h2>\n\n\n\n<p>Ju\u017c na etapie wyboru pomieszczenia, warto wzi\u0105\u0107 pod uwag\u0119 jego nas\u0142onecznienie. Je\u017celi jest to mo\u017cliwe, idealna jest ekspozycja p\u00f3\u0142nocna. W innym przypadku nale\u017cy zastosowa\u0107 folie przyciemniaj\u0105ce lub inny system ograniczaj\u0105cy dost\u0119p promieni s\u0142onecznych do laboratorium.<\/p>\n\n\n\n<h2 class=\"wp-block-heading\" id=\"dostep-do-laboratorium\">Dost\u0119p do laboratorium<\/h2>\n\n\n\n<p>Do pomieszczenia powinny prowadzi\u0107 samozamykaj\u0105ce si\u0119 drzwi. Stanowi\u0105 one barier\u0119 mechaniczn\u0105 zmniejszaj\u0105c\u0105 ryzyko przypadkowego wydostania si\u0119 materia\u0142u zaka\u017anego poza laboratorium. Mimo i\u017c nie jest wymagane ograniczenie dost\u0119pu i monitorowanie przep\u0142ywu personelu, pracownicy powinni bezwzgl\u0119dnie zosta\u0107 przeszkoleni przed rozpocz\u0119ciem pracy. Nale\u017cy r\u00f3wnie\u017c pami\u0119ta\u0107, i\u017c przebywanie os\u00f3b nieprzeszkolonych w pracowni stanowi zagro\u017cenie dla ich zdrowia oraz podnosi ryzyko kontaminacji materia\u0142u oraz zanieczyszczenia \u015brodowiska.<\/p>\n\n\n\n<h2 class=\"wp-block-heading\" id=\"wyposazenie\">Wyposa\u017cenie<\/h2>\n\n\n\n<p>Procedury wymagaj\u0105 zachowania szczeg\u00f3lnej higieny przez personel laboratorium. W pomieszczeniu w pobli\u017cu wyj\u015bcia powinna znajdowa\u0107 si\u0119 umywalka oraz stanowisko do dezynfekcji r\u0105k. Nale\u017cy r\u00f3wnie\u017c zamontowa\u0107 tzw. oczop\u0142uczk\u0119, czyli stanowisko do przemywania oczu.<\/p>\n\n\n\n<h2 class=\"wp-block-heading\" id=\"sterylnosc\">Sterylno\u015b\u0107<\/h2>\n\n\n\n<div class=\"wp-block-media-text alignwide is-stacked-on-mobile\"><figure class=\"wp-block-media-text__media\"><img loading=\"lazy\" decoding=\"async\" width=\"360\" height=\"240\" src=\"https:\/\/bioeducator.eu\/wp-content\/uploads\/2022\/05\/240_F_77894126_ogy9fAKJcZiCXx8JgA3FyqTrEZiVaBFF.jpg\" alt=\"Sterylno\u015b\u0107 w laboratorium. Sterylizacja w autoklawie.\" class=\"wp-image-610 size-full\" srcset=\"https:\/\/bioeducator.eu\/wp-content\/uploads\/2022\/05\/240_F_77894126_ogy9fAKJcZiCXx8JgA3FyqTrEZiVaBFF.jpg 360w, https:\/\/bioeducator.eu\/wp-content\/uploads\/2022\/05\/240_F_77894126_ogy9fAKJcZiCXx8JgA3FyqTrEZiVaBFF-300x200.jpg 300w\" sizes=\"auto, (max-width: 360px) 100vw, 360px\" \/><\/figure><div class=\"wp-block-media-text__content\">\n<p>Jednorazowe akcesoria laboratoryjne u\u017cywane podczas pracy z materia\u0142em zaka\u017anym oraz wszelkie materia\u0142y maj\u0105ce z nim styczno\u015b\u0107 musz\u0105 zosta\u0107 umieszczone w specjalnych, szczelnie zamykanych pojemnikach i zutylizowane przez wyspecjalizowana firm\u0119. Akcesoria wielorazowego u\u017cytku nale\u017cy dezynfekowa\u0107 w autoklawie. Wymagane jest aby autoklaw znajdowa\u0142 si\u0119 wewn\u0105trz pracowni in vitro. Aby zachowa\u0107 sterylno\u015b\u0107, trzeba regularnie dezynfekowa\u0107 wszelkie powierzchnie. Musz\u0105 one zatem by\u0107 odporne na dzia\u0142anie \u015brodk\u00f3w dezynfekcyjnych. Warto wzi\u0105\u0107 to pod uwag\u0119 podczas projektowania pomieszczenia.<\/p>\n<\/div><\/div>\n\n\n\n<h2 class=\"wp-block-heading\" id=\"komora-laminarna\">Komora laminarna<\/h2>\n\n\n\n<p>Niezb\u0119dnym elementem wyposa\u017cenia pracowni in vitro BSL-2 jest komora lamina minimum klasy II. Nale\u017cy w niej wykonywa\u0107 wszelkie procedury, kt\u00f3re mog\u0105 generowa\u0107 aerozole, czy rozpryski. Zadanie komory tej klasy polega na zapewnieniu bezpiecze\u0144stwa zar\u00f3wno operatorowi, jak r\u00f3wnie\u017c na ochronie materia\u0142u przed kontaminacj\u0105. Stanowi ona te\u017c barier\u0119 bezpiecze\u0144stwa dla otoczenia i \u015brodowiska. Do tego celu niezb\u0119dnymi elementami wyposa\u017cenia s\u0105: wymuszony obieg powietrza zapewniony przez wentylator\/wentylatory oraz filtry HEPA. Ponadto operatora od materia\u0142u oddziela rozsuwana szyba.<\/p>\n\n\n\n<figure class=\"wp-block-gallery has-nested-images columns-default is-cropped wp-block-gallery-1 is-layout-flex wp-block-gallery-is-layout-flex\">\n<figure class=\"wp-block-image size-large\"><img loading=\"lazy\" decoding=\"async\" width=\"623\" height=\"240\" data-id=\"609\" src=\"https:\/\/bioeducator.eu\/wp-content\/uploads\/2022\/05\/240_F_348071525_Kg73lDypNM8SLgCFCWkf70nOZi47J5GU.jpg\" alt=\"Komora laminarna klasy II. Ochrona operatora i bezpiecze\u0144stwo materia\u0142u. Przep\u0142yw laminarny.\" class=\"wp-image-609\" srcset=\"https:\/\/bioeducator.eu\/wp-content\/uploads\/2022\/05\/240_F_348071525_Kg73lDypNM8SLgCFCWkf70nOZi47J5GU.jpg 623w, https:\/\/bioeducator.eu\/wp-content\/uploads\/2022\/05\/240_F_348071525_Kg73lDypNM8SLgCFCWkf70nOZi47J5GU-300x116.jpg 300w\" sizes=\"auto, (max-width: 623px) 100vw, 623px\" \/><\/figure>\n\n\n\n<figure class=\"wp-block-image size-large\"><img loading=\"lazy\" decoding=\"async\" width=\"612\" height=\"408\" data-id=\"548\" src=\"https:\/\/bioeducator.eu\/wp-content\/uploads\/2022\/03\/istockphoto-868668738-612x612-1.jpg\" alt=\"Komora laminarna klasy II, BSL-2, 2 klasa bezpiecze\u0144stwa biologicznego\" class=\"wp-image-548\" srcset=\"https:\/\/bioeducator.eu\/wp-content\/uploads\/2022\/03\/istockphoto-868668738-612x612-1.jpg 612w, https:\/\/bioeducator.eu\/wp-content\/uploads\/2022\/03\/istockphoto-868668738-612x612-1-300x200.jpg 300w, https:\/\/bioeducator.eu\/wp-content\/uploads\/2022\/03\/istockphoto-868668738-612x612-1-391x260.jpg 391w\" sizes=\"auto, (max-width: 612px) 100vw, 612px\" \/><\/figure>\n<\/figure>\n\n\n\n<h2 class=\"wp-block-heading\" id=\"srodki-ochrony-osobistej\">\u015arodki ochrony osobistej<\/h2>\n\n\n\n<p>Wymagane s\u0105 standardowe \u015brodki ochrony osobistej jak fartuch ochronny, r\u0119kawice jednorazowe. W przypadku pracy z mo\u017cliwo\u015bci\u0105 wyst\u0105pienia rozprysk\u00f3w, czy powstania aerozoli, opr\u00f3cz korzystania z komory laminarnej, nale\u017cy zastosowa\u0107 ochron\u0119 dr\u00f3g oddechowych w postaci maski ochronnej oraz okulary ochronne.<\/p>\n\n\n<div class=\"wp-block-image\">\n<figure class=\"aligncenter size-large\"><img loading=\"lazy\" decoding=\"async\" width=\"572\" height=\"1024\" src=\"https:\/\/bioeducator.eu\/wp-content\/uploads\/2026\/01\/Aseptycznosc_rolka-572x1024.png\" alt=\"Zasady aseptyczno\u015bci w laboratorium in vitro\" class=\"wp-image-1928\" srcset=\"https:\/\/bioeducator.eu\/wp-content\/uploads\/2026\/01\/Aseptycznosc_rolka-572x1024.png 572w, https:\/\/bioeducator.eu\/wp-content\/uploads\/2026\/01\/Aseptycznosc_rolka-167x300.png 167w, https:\/\/bioeducator.eu\/wp-content\/uploads\/2026\/01\/Aseptycznosc_rolka-768x1376.png 768w, https:\/\/bioeducator.eu\/wp-content\/uploads\/2026\/01\/Aseptycznosc_rolka-857x1536.png 857w, https:\/\/bioeducator.eu\/wp-content\/uploads\/2026\/01\/Aseptycznosc_rolka-1143x2048.png 1143w, https:\/\/bioeducator.eu\/wp-content\/uploads\/2026\/01\/Aseptycznosc_rolka-scaled.png 1429w\" sizes=\"auto, (max-width: 572px) 100vw, 572px\" \/><\/figure>\n<\/div>\n\n\n<h2 class=\"wp-block-heading\" id=\"przede-wszystkim-uwaznosc\">Przede wszystkim uwa\u017cno\u015b\u0107<\/h2>\n\n\n\n<p>Bez wzgl\u0119du na wyposa\u017cenie i zastosowane \u015brodki ostro\u017cno\u015bci, kluczowe jest \u015bcis\u0142e stosowanie si\u0119 personelu do procedur i uwa\u017cno\u015b\u0107. Nale\u017cy pami\u0119ta\u0107, \u017ce odpowiadamy nie tylko za swoje bezpiecze\u0144stwo, ale r\u00f3wnie\u017c za bezpiecze\u0144stwo pozosta\u0142ego personelu i \u015brodowiska.<\/p>\n\n\n\n<ol class=\"wp-block-list\">\n<li><a href=\"https:\/\/www.aftermath.com\/content\/biohazard-safety-levels\/\" target=\"_blank\" rel=\"noreferrer noopener\">https:\/\/www.aftermath.com\/content\/biohazard-safety-levels\/<\/a><\/li>\n\n\n\n<li><a href=\"https:\/\/www.cdc.gov\/labs\/pdf\/SF__19_308133-A_BMBL6_00-BOOK-WEB-final-3.pdf\" target=\"_blank\" rel=\"noreferrer noopener\">https:\/\/www.cdc.gov\/labs\/pdf\/SF__19_308133-A_BMBL6_00-BOOK-WEB-final-3.pdf<\/a><\/li>\n\n\n\n<li><a href=\"https:\/\/www.blocktechnology.eu\/\" target=\"_blank\" rel=\"noreferrer noopener\">https:\/\/www.blocktechnology.eu\/<\/a><\/li>\n\n\n\n<li><a href=\"https:\/\/www.aphl.org\/programs\/preparedness\/Smallpox\/pdf\/the-1-2-3s-of-biosafety-levels.pdf\" target=\"_blank\" rel=\"noreferrer noopener\">https:\/\/www.aphl.org\/programs\/preparedness\/Smallpox\/pdf\/the-1-2-3s-of-biosafety-levels.pdf<\/a><\/li>\n\n\n\n<li><a href=\"https:\/\/www.cdc.gov\/labs\/BMBL.html\" target=\"_blank\" rel=\"noreferrer noopener\">https:\/\/www.cdc.gov\/labs\/BMBL.html<\/a><\/li>\n<\/ol>\n\n\n\n<script async src=\"https:\/\/pagead2.googlesyndication.com\/pagead\/js\/adsbygoogle.js?client=ca-pub-2318520657460692\"\n     crossorigin=\"anonymous\"><\/script>\n","protected":false},"excerpt":{"rendered":"<p>Ochrona operatora oraz bezpiecze\u0144stwo materia\u0142u. Jak zadba\u0107 o te aspekty w pracowni in vitro? Od czego zacz\u0105\u0107?<\/p>\n","protected":false},"author":3,"featured_media":608,"parent":107,"menu_order":0,"comment_status":"closed","ping_status":"closed","template":"","meta":{"_sitemap_exclude":false,"_sitemap_priority":"","_sitemap_frequency":"","footnotes":""},"class_list":["post-607","page","type-page","status-publish","has-post-thumbnail","hentry"],"yoast_head":"<!-- This site is optimized with the Yoast SEO plugin v27.0 - https:\/\/yoast.com\/product\/yoast-seo-wordpress\/ -->\n<title>Organizacja pracowni in vitro. - Bioeducator.eu<\/title>\n<meta name=\"description\" content=\"Ochrona operatora oraz bezpiecze\u0144stwo materia\u0142u. Jak zadba\u0107 o te aspekty w pracowni in vitro? Od czego zacz\u0105\u0107?\" \/>\n<meta name=\"robots\" content=\"index, follow, max-snippet:-1, max-image-preview:large, max-video-preview:-1\" \/>\n<link rel=\"canonical\" href=\"https:\/\/bioeducator.eu\/?page_id=607\" \/>\n<meta property=\"og:locale\" content=\"pl_PL\" \/>\n<meta property=\"og:type\" content=\"article\" \/>\n<meta property=\"og:title\" content=\"Organizacja pracowni in vitro.\" \/>\n<meta property=\"og:description\" content=\"Ochrona operatora oraz bezpiecze\u0144stwo materia\u0142u. Jak zadba\u0107 o te aspekty w pracowni in vitro? Od czego zacz\u0105\u0107?\" \/>\n<meta property=\"og:url\" content=\"https:\/\/bioeducator.eu\/?page_id=607\" \/>\n<meta property=\"og:site_name\" content=\"Bioeducator.eu\" \/>\n<meta property=\"article:modified_time\" content=\"2026-01-30T13:53:12+00:00\" \/>\n<meta property=\"og:image\" content=\"https:\/\/bioeducator.eu\/wp-content\/uploads\/2022\/05\/240_F_63275143_CEMCAnvUGUsm4cHmMhX7FdfC88Hyf8Fi.jpg\" \/>\n\t<meta property=\"og:image:width\" content=\"360\" \/>\n\t<meta property=\"og:image:height\" content=\"240\" \/>\n\t<meta property=\"og:image:type\" content=\"image\/jpeg\" \/>\n<meta name=\"twitter:card\" content=\"summary_large_image\" \/>\n<meta name=\"twitter:title\" content=\"Organizacja pracowni in vitro\" \/>\n<meta name=\"twitter:description\" content=\"Ochrona operatora oraz bezpiecze\u0144stwo materia\u0142u. Jak zadba\u0107 o te aspekty w pracowni in vitro? Od czego zacz\u0105\u0107?\" \/>\n<meta name=\"twitter:image\" content=\"https:\/\/bioeducator.eu\/wp-content\/uploads\/2022\/05\/240_F_63275143_CEMCAnvUGUsm4cHmMhX7FdfC88Hyf8Fi.jpg\" \/>\n<meta name=\"twitter:label1\" content=\"Szacowany czas czytania\" \/>\n\t<meta name=\"twitter:data1\" content=\"6 minut\" \/>\n<script type=\"application\/ld+json\" class=\"yoast-schema-graph\">{\"@context\":\"https:\/\/schema.org\",\"@graph\":[{\"@type\":\"WebPage\",\"@id\":\"https:\/\/bioeducator.eu\/?page_id=607\",\"url\":\"https:\/\/bioeducator.eu\/?page_id=607\",\"name\":\"Organizacja pracowni in vitro. - Bioeducator.eu\",\"isPartOf\":{\"@id\":\"https:\/\/bioeducator.eu\/#website\"},\"primaryImageOfPage\":{\"@id\":\"https:\/\/bioeducator.eu\/?page_id=607#primaryimage\"},\"image\":{\"@id\":\"https:\/\/bioeducator.eu\/?page_id=607#primaryimage\"},\"thumbnailUrl\":\"https:\/\/bioeducator.eu\/wp-content\/uploads\/2022\/05\/240_F_63275143_CEMCAnvUGUsm4cHmMhX7FdfC88Hyf8Fi.jpg\",\"datePublished\":\"2022-05-10T20:57:21+00:00\",\"dateModified\":\"2026-01-30T13:53:12+00:00\",\"description\":\"Ochrona operatora oraz bezpiecze\u0144stwo materia\u0142u. Jak zadba\u0107 o te aspekty w pracowni in vitro? Od czego zacz\u0105\u0107?\",\"breadcrumb\":{\"@id\":\"https:\/\/bioeducator.eu\/?page_id=607#breadcrumb\"},\"inLanguage\":\"pl-PL\",\"potentialAction\":[{\"@type\":\"ReadAction\",\"target\":[\"https:\/\/bioeducator.eu\/?page_id=607\"]}]},{\"@type\":\"ImageObject\",\"inLanguage\":\"pl-PL\",\"@id\":\"https:\/\/bioeducator.eu\/?page_id=607#primaryimage\",\"url\":\"https:\/\/bioeducator.eu\/wp-content\/uploads\/2022\/05\/240_F_63275143_CEMCAnvUGUsm4cHmMhX7FdfC88Hyf8Fi.jpg\",\"contentUrl\":\"https:\/\/bioeducator.eu\/wp-content\/uploads\/2022\/05\/240_F_63275143_CEMCAnvUGUsm4cHmMhX7FdfC88Hyf8Fi.jpg\",\"width\":360,\"height\":240,\"caption\":\"Bakterie e-coli. Hodowla kom\u00f3rek in vitro. Organizacja pracowni in vitro.\"},{\"@type\":\"BreadcrumbList\",\"@id\":\"https:\/\/bioeducator.eu\/?page_id=607#breadcrumb\",\"itemListElement\":[{\"@type\":\"ListItem\",\"position\":1,\"name\":\"Strona g\u0142\u00f3wna\",\"item\":\"https:\/\/bioeducator.eu\/\"},{\"@type\":\"ListItem\",\"position\":2,\"name\":\"Bioeducator\",\"item\":\"https:\/\/bioeducator.eu\/\"},{\"@type\":\"ListItem\",\"position\":3,\"name\":\"Baza wiedzy\",\"item\":\"https:\/\/bioeducator.eu\/?page_id=107\"},{\"@type\":\"ListItem\",\"position\":4,\"name\":\"Organizacja pracowni in vitro.\"}]},{\"@type\":\"WebSite\",\"@id\":\"https:\/\/bioeducator.eu\/#website\",\"url\":\"https:\/\/bioeducator.eu\/\",\"name\":\"Bioeducator.eu\",\"description\":\"\",\"publisher\":{\"@id\":\"https:\/\/bioeducator.eu\/#organization\"},\"potentialAction\":[{\"@type\":\"SearchAction\",\"target\":{\"@type\":\"EntryPoint\",\"urlTemplate\":\"https:\/\/bioeducator.eu\/?s={search_term_string}\"},\"query-input\":{\"@type\":\"PropertyValueSpecification\",\"valueRequired\":true,\"valueName\":\"search_term_string\"}}],\"inLanguage\":\"pl-PL\"},{\"@type\":\"Organization\",\"@id\":\"https:\/\/bioeducator.eu\/#organization\",\"name\":\"Bioeducator.eu\",\"url\":\"https:\/\/bioeducator.eu\/\",\"logo\":{\"@type\":\"ImageObject\",\"inLanguage\":\"pl-PL\",\"@id\":\"https:\/\/bioeducator.eu\/#\/schema\/logo\/image\/\",\"url\":\"https:\/\/bioeducator.eu\/wp-content\/uploads\/2025\/03\/Bioeducator_logo_poziom.png\",\"contentUrl\":\"https:\/\/bioeducator.eu\/wp-content\/uploads\/2025\/03\/Bioeducator_logo_poziom.png\",\"width\":3910,\"height\":935,\"caption\":\"Bioeducator.eu\"},\"image\":{\"@id\":\"https:\/\/bioeducator.eu\/#\/schema\/logo\/image\/\"}}]}<\/script>\n<!-- \/ Yoast SEO plugin. -->","yoast_head_json":{"title":"Organizacja pracowni in vitro. - Bioeducator.eu","description":"Ochrona operatora oraz bezpiecze\u0144stwo materia\u0142u. Jak zadba\u0107 o te aspekty w pracowni in vitro? Od czego zacz\u0105\u0107?","robots":{"index":"index","follow":"follow","max-snippet":"max-snippet:-1","max-image-preview":"max-image-preview:large","max-video-preview":"max-video-preview:-1"},"canonical":"https:\/\/bioeducator.eu\/?page_id=607","og_locale":"pl_PL","og_type":"article","og_title":"Organizacja pracowni in vitro.","og_description":"Ochrona operatora oraz bezpiecze\u0144stwo materia\u0142u. Jak zadba\u0107 o te aspekty w pracowni in vitro? Od czego zacz\u0105\u0107?","og_url":"https:\/\/bioeducator.eu\/?page_id=607","og_site_name":"Bioeducator.eu","article_modified_time":"2026-01-30T13:53:12+00:00","og_image":[{"width":360,"height":240,"url":"https:\/\/bioeducator.eu\/wp-content\/uploads\/2022\/05\/240_F_63275143_CEMCAnvUGUsm4cHmMhX7FdfC88Hyf8Fi.jpg","type":"image\/jpeg"}],"twitter_card":"summary_large_image","twitter_title":"Organizacja pracowni in vitro","twitter_description":"Ochrona operatora oraz bezpiecze\u0144stwo materia\u0142u. Jak zadba\u0107 o te aspekty w pracowni in vitro? Od czego zacz\u0105\u0107?","twitter_image":"https:\/\/bioeducator.eu\/wp-content\/uploads\/2022\/05\/240_F_63275143_CEMCAnvUGUsm4cHmMhX7FdfC88Hyf8Fi.jpg","twitter_misc":{"Szacowany czas czytania":"6 minut"},"schema":{"@context":"https:\/\/schema.org","@graph":[{"@type":"WebPage","@id":"https:\/\/bioeducator.eu\/?page_id=607","url":"https:\/\/bioeducator.eu\/?page_id=607","name":"Organizacja pracowni in vitro. - Bioeducator.eu","isPartOf":{"@id":"https:\/\/bioeducator.eu\/#website"},"primaryImageOfPage":{"@id":"https:\/\/bioeducator.eu\/?page_id=607#primaryimage"},"image":{"@id":"https:\/\/bioeducator.eu\/?page_id=607#primaryimage"},"thumbnailUrl":"https:\/\/bioeducator.eu\/wp-content\/uploads\/2022\/05\/240_F_63275143_CEMCAnvUGUsm4cHmMhX7FdfC88Hyf8Fi.jpg","datePublished":"2022-05-10T20:57:21+00:00","dateModified":"2026-01-30T13:53:12+00:00","description":"Ochrona operatora oraz bezpiecze\u0144stwo materia\u0142u. Jak zadba\u0107 o te aspekty w pracowni in vitro? Od czego zacz\u0105\u0107?","breadcrumb":{"@id":"https:\/\/bioeducator.eu\/?page_id=607#breadcrumb"},"inLanguage":"pl-PL","potentialAction":[{"@type":"ReadAction","target":["https:\/\/bioeducator.eu\/?page_id=607"]}]},{"@type":"ImageObject","inLanguage":"pl-PL","@id":"https:\/\/bioeducator.eu\/?page_id=607#primaryimage","url":"https:\/\/bioeducator.eu\/wp-content\/uploads\/2022\/05\/240_F_63275143_CEMCAnvUGUsm4cHmMhX7FdfC88Hyf8Fi.jpg","contentUrl":"https:\/\/bioeducator.eu\/wp-content\/uploads\/2022\/05\/240_F_63275143_CEMCAnvUGUsm4cHmMhX7FdfC88Hyf8Fi.jpg","width":360,"height":240,"caption":"Bakterie e-coli. Hodowla kom\u00f3rek in vitro. Organizacja pracowni in vitro."},{"@type":"BreadcrumbList","@id":"https:\/\/bioeducator.eu\/?page_id=607#breadcrumb","itemListElement":[{"@type":"ListItem","position":1,"name":"Strona g\u0142\u00f3wna","item":"https:\/\/bioeducator.eu\/"},{"@type":"ListItem","position":2,"name":"Bioeducator","item":"https:\/\/bioeducator.eu\/"},{"@type":"ListItem","position":3,"name":"Baza wiedzy","item":"https:\/\/bioeducator.eu\/?page_id=107"},{"@type":"ListItem","position":4,"name":"Organizacja pracowni in vitro."}]},{"@type":"WebSite","@id":"https:\/\/bioeducator.eu\/#website","url":"https:\/\/bioeducator.eu\/","name":"Bioeducator.eu","description":"","publisher":{"@id":"https:\/\/bioeducator.eu\/#organization"},"potentialAction":[{"@type":"SearchAction","target":{"@type":"EntryPoint","urlTemplate":"https:\/\/bioeducator.eu\/?s={search_term_string}"},"query-input":{"@type":"PropertyValueSpecification","valueRequired":true,"valueName":"search_term_string"}}],"inLanguage":"pl-PL"},{"@type":"Organization","@id":"https:\/\/bioeducator.eu\/#organization","name":"Bioeducator.eu","url":"https:\/\/bioeducator.eu\/","logo":{"@type":"ImageObject","inLanguage":"pl-PL","@id":"https:\/\/bioeducator.eu\/#\/schema\/logo\/image\/","url":"https:\/\/bioeducator.eu\/wp-content\/uploads\/2025\/03\/Bioeducator_logo_poziom.png","contentUrl":"https:\/\/bioeducator.eu\/wp-content\/uploads\/2025\/03\/Bioeducator_logo_poziom.png","width":3910,"height":935,"caption":"Bioeducator.eu"},"image":{"@id":"https:\/\/bioeducator.eu\/#\/schema\/logo\/image\/"}}]}},"_links":{"self":[{"href":"https:\/\/bioeducator.eu\/index.php?rest_route=\/wp\/v2\/pages\/607","targetHints":{"allow":["GET"]}}],"collection":[{"href":"https:\/\/bioeducator.eu\/index.php?rest_route=\/wp\/v2\/pages"}],"about":[{"href":"https:\/\/bioeducator.eu\/index.php?rest_route=\/wp\/v2\/types\/page"}],"author":[{"embeddable":true,"href":"https:\/\/bioeducator.eu\/index.php?rest_route=\/wp\/v2\/users\/3"}],"replies":[{"embeddable":true,"href":"https:\/\/bioeducator.eu\/index.php?rest_route=%2Fwp%2Fv2%2Fcomments&post=607"}],"version-history":[{"count":6,"href":"https:\/\/bioeducator.eu\/index.php?rest_route=\/wp\/v2\/pages\/607\/revisions"}],"predecessor-version":[{"id":1929,"href":"https:\/\/bioeducator.eu\/index.php?rest_route=\/wp\/v2\/pages\/607\/revisions\/1929"}],"up":[{"embeddable":true,"href":"https:\/\/bioeducator.eu\/index.php?rest_route=\/wp\/v2\/pages\/107"}],"wp:featuredmedia":[{"embeddable":true,"href":"https:\/\/bioeducator.eu\/index.php?rest_route=\/wp\/v2\/media\/608"}],"wp:attachment":[{"href":"https:\/\/bioeducator.eu\/index.php?rest_route=%2Fwp%2Fv2%2Fmedia&parent=607"}],"curies":[{"name":"wp","href":"https:\/\/api.w.org\/{rel}","templated":true}]}}