{"id":590,"date":"2022-03-28T10:10:42","date_gmt":"2022-03-28T08:10:42","guid":{"rendered":"https:\/\/bioeducator.eu\/?page_id=590"},"modified":"2026-03-11T18:45:10","modified_gmt":"2026-03-11T17:45:10","slug":"en","status":"publish","type":"page","link":"https:\/\/bioeducator.eu\/?page_id=590&lang=en","title":{"rendered":"Bioeducator &#8211; English"},"content":{"rendered":"\n<hr class=\"wp-block-separator has-alpha-channel-opacity\"\/>\n\n\n\n<div class=\"wp-block-cover is-light wp-duotone-8ed1fc-ffffff-1\"><img loading=\"lazy\" decoding=\"async\" width=\"1024\" height=\"683\" class=\"wp-block-cover__image-background wp-image-1588 size-large\" alt=\"\" src=\"https:\/\/bioeducator.eu\/wp-content\/uploads\/2025\/07\/alexander-grey-eMP4sYPJ9x0-unsplash-1-1024x683.jpg\" data-object-fit=\"cover\" srcset=\"https:\/\/bioeducator.eu\/wp-content\/uploads\/2025\/07\/alexander-grey-eMP4sYPJ9x0-unsplash-1-1024x683.jpg 1024w, https:\/\/bioeducator.eu\/wp-content\/uploads\/2025\/07\/alexander-grey-eMP4sYPJ9x0-unsplash-1-300x200.jpg 300w, https:\/\/bioeducator.eu\/wp-content\/uploads\/2025\/07\/alexander-grey-eMP4sYPJ9x0-unsplash-1-768x512.jpg 768w, https:\/\/bioeducator.eu\/wp-content\/uploads\/2025\/07\/alexander-grey-eMP4sYPJ9x0-unsplash-1-391x260.jpg 391w, https:\/\/bioeducator.eu\/wp-content\/uploads\/2025\/07\/alexander-grey-eMP4sYPJ9x0-unsplash-1-1536x1024.jpg 1536w, https:\/\/bioeducator.eu\/wp-content\/uploads\/2025\/07\/alexander-grey-eMP4sYPJ9x0-unsplash-1-2048x1365.jpg 2048w\" sizes=\"auto, (max-width: 1024px) 100vw, 1024px\" \/><span aria-hidden=\"true\" class=\"wp-block-cover__background has-background-dim\" style=\"background-color:#b3b7b0\"><\/span><div class=\"wp-block-cover__inner-container is-layout-constrained wp-block-cover-is-layout-constrained\">\n<p class=\"has-text-align-center has-large-font-size\">What&#8217;s new in knowledge zone?<\/p>\n\n\n\n<ol class=\"wp-block-list\">\n<li class=\"has-medium-font-size\"><a href=\"https:\/\/bioeducator.eu\/?page_id=2162&amp;lang=en\">qPCR<\/a><\/li>\n\n\n\n<li class=\"has-medium-font-size\"><a href=\"https:\/\/bioeducator.eu\/?page_id=2016&amp;lang=en\">Reversed Phase Chromatography<\/a><\/li>\n\n\n\n<li class=\"has-medium-font-size\"><a href=\"https:\/\/bioeducator.eu\/?page_id=1988&amp;lang=en\" type=\"page\" id=\"1988\">Size Exclusion Chromatography<\/a><\/li>\n\n\n\n<li class=\"has-medium-font-size\"><a href=\"https:\/\/bioeducator.eu\/?page_id=1962&amp;lang=en\">What are theoretical plates?<\/a><\/li>\n\n\n\n<li class=\"has-medium-font-size\"><a href=\"https:\/\/bioeducator.eu\/?page_id=1914&amp;lang=en\">PCR reaction<\/a><\/li>\n\n\n\n<li class=\"has-medium-font-size\"><a href=\"https:\/\/bioeducator.eu\/?page_id=1844&amp;lang=en\">Cytotoxicity tests<\/a><\/li>\n\n\n\n<li class=\"has-medium-font-size\"><a href=\"https:\/\/bioeducator.eu\/?page_id=1832&amp;lang=en\">How to count cells in Burker chamber?<\/a><\/li>\n\n\n\n<li class=\"has-medium-font-size\"><a href=\"https:\/\/bioeducator.eu\/?page_id=1756&amp;lang=en\">Protein determination methods<\/a><\/li>\n\n\n\n<li class=\"has-medium-font-size\"><a href=\"https:\/\/bioeducator.eu\/?page_id=1705&amp;lang=en\">PBS<\/a><\/li>\n\n\n\n<li class=\"has-medium-font-size\"><a href=\"http:\/\/The fundamentals of electrophoresis\">Fundamentals of electrophoresis<\/a><\/li>\n<\/ol>\n<\/div><\/div>\n\n\n\n<h2 class=\"wp-block-heading\" id=\"upcoming-trainings\">Upcoming Trainings<\/h2>\n\n\n\n<div class=\"mec-wrap mec-skin-carousel-container \" id=\"mec_skin_669\">\r\n        <div class=\"mec-skin-carousel-events-container\" id=\"mec_skin_events_669\">\r\n        Nie odnaleziono wydarze\u0144!    <\/div>\r\n    <\/div>\n\n\n\n<h2 class=\"wp-block-heading\">Trainings Calendar<\/h2>\n\n\n\n<div id=\"mec_skin_1021\" class=\"mec-wrap   \">\r\n    \r\n        \r\n    <div class=\"mec-calendar mec-box-calendar mec-event-calendar-classic mec-event-container-simple\">\r\n                <div class=\"mec-calendar-side mec-clear\">\r\n                        <div class=\"mec-skin-monthly-view-month-navigator-container\">\r\n                <div class=\"mec-month-navigator\" id=\"mec_month_navigator_1021_202604\"><div class=\"mec-previous-month mec-load-month mec-previous-month\" data-mec-year=\"2026\" data-mec-month=\"03\"><a href=\"#\" class=\"mec-load-month-link\"><i class=\"mec-sl-angle-left\"><\/i> marzec<\/a><\/div><div class=\"mec-calendar-header\"><h2>kwiecie\u0144 2026<\/h2><\/div><div class=\"mec-next-month mec-load-month mec-next-month\" data-mec-year=\"2026\" data-mec-month=\"05\"><a href=\"#\" class=\"mec-load-month-link\">maj <i class=\"mec-sl-angle-right\"><\/i><\/a><\/div><\/div>\r\n            <\/div>\r\n            \r\n            <div class=\"mec-calendar-table\" id=\"mec_skin_events_1021\">\r\n                <div class=\"mec-month-container mec-month-container-selected\" id=\"mec_monthly_view_month_1021_202604\" data-month-id=\"202604\"><dl class=\"mec-calendar-table-head\"><dt class=\"mec-calendar-day-head\">PN<\/dt><dt class=\"mec-calendar-day-head\">WT<\/dt><dt class=\"mec-calendar-day-head\">\u015aR<\/dt><dt class=\"mec-calendar-day-head\">CZW<\/dt><dt class=\"mec-calendar-day-head\">PT<\/dt><dt class=\"mec-calendar-day-head\">SOB<\/dt><dt class=\"mec-calendar-day-head\">NIE<\/dt><\/dl><dl class=\"mec-calendar-row\">\r\n    <dt class=\"mec-table-nullday\">30<\/dt><dt class=\"mec-table-nullday\">31<\/dt><dt class=\"mec-calendar-day\" data-mec-cell=\"20260401\" data-day=\"1\" data-month=\"202604\">1<\/dt><\/dt><dt class=\"mec-calendar-day\" data-mec-cell=\"20260402\" data-day=\"2\" data-month=\"202604\">2<\/dt><\/dt><dt class=\"mec-calendar-day\" data-mec-cell=\"20260403\" data-day=\"3\" data-month=\"202604\">3<\/dt><\/dt><dt class=\"mec-calendar-day\" data-mec-cell=\"20260404\" data-day=\"4\" data-month=\"202604\">4<\/dt><\/dt><dt class=\"mec-calendar-day\" data-mec-cell=\"20260405\" data-day=\"5\" data-month=\"202604\">5<\/dt><\/dt><\/dl><dl class=\"mec-calendar-row\"><dt class=\"mec-calendar-day\" data-mec-cell=\"20260406\" data-day=\"6\" data-month=\"202604\">6<\/dt><\/dt><dt class=\"mec-calendar-day\" data-mec-cell=\"20260407\" data-day=\"7\" data-month=\"202604\">7<\/dt><\/dt><dt class=\"mec-calendar-day\" data-mec-cell=\"20260408\" data-day=\"8\" data-month=\"202604\">8<\/dt><\/dt><dt class=\"mec-calendar-day\" data-mec-cell=\"20260409\" data-day=\"9\" data-month=\"202604\">9<\/dt><\/dt><dt class=\"mec-calendar-day\" data-mec-cell=\"20260410\" data-day=\"10\" data-month=\"202604\">10<\/dt><\/dt><dt class=\"mec-calendar-day\" data-mec-cell=\"20260411\" data-day=\"11\" data-month=\"202604\">11<\/dt><\/dt><dt class=\"mec-calendar-day\" data-mec-cell=\"20260412\" data-day=\"12\" data-month=\"202604\">12<\/dt><\/dt><\/dl><dl class=\"mec-calendar-row\"><dt class=\"mec-calendar-day\" data-mec-cell=\"20260413\" data-day=\"13\" data-month=\"202604\">13<\/dt><\/dt><dt class=\"mec-calendar-day\" data-mec-cell=\"20260414\" data-day=\"14\" data-month=\"202604\">14<\/dt><\/dt><dt class=\"mec-calendar-day\" data-mec-cell=\"20260415\" data-day=\"15\" data-month=\"202604\">15<\/dt><\/dt><dt class=\"mec-calendar-day\" data-mec-cell=\"20260416\" data-day=\"16\" data-month=\"202604\">16<\/dt><\/dt><dt class=\"mec-calendar-day mec-selected-day\" data-mec-cell=\"20260417\" data-day=\"17\" data-month=\"202604\">17<\/dt><\/dt><dt class=\"mec-calendar-day\" data-mec-cell=\"20260418\" data-day=\"18\" data-month=\"202604\">18<\/dt><\/dt><dt class=\"mec-calendar-day\" data-mec-cell=\"20260419\" data-day=\"19\" data-month=\"202604\">19<\/dt><\/dt><\/dl><dl class=\"mec-calendar-row\"><dt class=\"mec-calendar-day\" data-mec-cell=\"20260420\" data-day=\"20\" data-month=\"202604\">20<\/dt><\/dt><dt class=\"mec-calendar-day\" data-mec-cell=\"20260421\" data-day=\"21\" data-month=\"202604\">21<\/dt><\/dt><dt class=\"mec-calendar-day\" data-mec-cell=\"20260422\" data-day=\"22\" data-month=\"202604\">22<\/dt><\/dt><dt class=\"mec-calendar-day\" data-mec-cell=\"20260423\" data-day=\"23\" data-month=\"202604\">23<\/dt><\/dt><dt class=\"mec-calendar-day\" data-mec-cell=\"20260424\" data-day=\"24\" data-month=\"202604\">24<\/dt><\/dt><dt class=\"mec-calendar-day\" data-mec-cell=\"20260425\" data-day=\"25\" data-month=\"202604\">25<\/dt><\/dt><dt class=\"mec-calendar-day\" data-mec-cell=\"20260426\" data-day=\"26\" data-month=\"202604\">26<\/dt><\/dt><\/dl><dl class=\"mec-calendar-row\"><dt class=\"mec-calendar-day\" data-mec-cell=\"20260427\" data-day=\"27\" data-month=\"202604\">27<\/dt><\/dt><dt class=\"mec-calendar-day\" data-mec-cell=\"20260428\" data-day=\"28\" data-month=\"202604\">28<\/dt><\/dt><dt class=\"mec-calendar-day\" data-mec-cell=\"20260429\" data-day=\"29\" data-month=\"202604\">29<\/dt><\/dt><dt class=\"mec-calendar-day\" data-mec-cell=\"20260430\" data-day=\"30\" data-month=\"202604\">30<\/dt><\/dt><dt class=\"mec-table-nullday\">1<\/dt><dt class=\"mec-table-nullday\">2<\/dt><dt class=\"mec-table-nullday\">3<\/dt><\/dl><\/div>\r\n            <\/div>\r\n        <\/div>\r\n            <\/div>\r\n    \r\n<\/div>\n\n\n<ul class=\"wp-block-latest-posts__list alignleft wp-block-latest-posts\"><li><div class=\"wp-block-latest-posts__featured-image alignleft\"><img loading=\"lazy\" decoding=\"async\" width=\"150\" height=\"150\" src=\"https:\/\/bioeducator.eu\/wp-content\/uploads\/2026\/02\/Analiza-resztkowa_okladka-150x150.png\" class=\"attachment-thumbnail size-thumbnail wp-post-image\" alt=\"\" style=\"\" srcset=\"https:\/\/bioeducator.eu\/wp-content\/uploads\/2026\/02\/Analiza-resztkowa_okladka-150x150.png 150w, https:\/\/bioeducator.eu\/wp-content\/uploads\/2026\/02\/Analiza-resztkowa_okladka-300x300.png 300w\" sizes=\"auto, (max-width: 150px) 100vw, 150px\" \/><\/div><a class=\"wp-block-latest-posts__post-title\" href=\"https:\/\/bioeducator.eu\/?p=2086&#038;lang=en\">Do You calculate Linearity properly?<\/a><div class=\"wp-block-latest-posts__post-excerpt\">Imagine the following situation. You are testing the linearity of an analytical method, let&#8217;s say HPLC. The linearity coefficient is R=0.999, the coefficient of determination is R2 = 0.999. An ideal situation. The criteria are met, the validation is successful. Now all that&#8217;s left is to write the report and go home. Nothing could be&hellip;<\/div><\/li>\n<li><div class=\"wp-block-latest-posts__featured-image alignleft\"><img loading=\"lazy\" decoding=\"async\" width=\"150\" height=\"150\" src=\"https:\/\/bioeducator.eu\/wp-content\/uploads\/2026\/02\/Analiza-resztkowa_okladka-150x150.png\" class=\"attachment-thumbnail size-thumbnail wp-post-image\" alt=\"\" style=\"\" srcset=\"https:\/\/bioeducator.eu\/wp-content\/uploads\/2026\/02\/Analiza-resztkowa_okladka-150x150.png 150w, https:\/\/bioeducator.eu\/wp-content\/uploads\/2026\/02\/Analiza-resztkowa_okladka-300x300.png 300w\" sizes=\"auto, (max-width: 150px) 100vw, 150px\" \/><\/div><a class=\"wp-block-latest-posts__post-title\" href=\"https:\/\/bioeducator.eu\/?p=2072\">Czy dobrze liczysz swoj\u0105 liniowo\u015b\u0107?<\/a><div class=\"wp-block-latest-posts__post-excerpt\">Wyobra\u017a sobie nast\u0119puj\u0105c\u0105 sytuacj\u0119. Testujesz liniowo\u015b\u0107 metody analitycznej, powiedzmy HPLC. Wsp\u00f3\u0142czynnik liniowo\u015bci R=0,999, wsp\u00f3\u0142czynnik determinacji R^2 = 0,999. Sytuacja idealna. Kryteria spe\u0142nione, walidacja zako\u0144czona sukcesem. Teraz tylko raport i do domu. Nic bardziej mylnego. W naszych danych mo\u017ce by\u0107 ukryty chochlik, kt\u00f3rego na pierwszy rzut oka nie wida\u0107. Pomo\u017ce nam w tym jednak analiza resztkowa.<\/div><\/li>\n<li><div class=\"wp-block-latest-posts__featured-image alignleft\"><img loading=\"lazy\" decoding=\"async\" width=\"150\" height=\"150\" src=\"https:\/\/bioeducator.eu\/wp-content\/uploads\/2025\/12\/Scientist_question_mark-150x150.png\" class=\"attachment-thumbnail size-thumbnail wp-post-image\" alt=\"\" style=\"\" srcset=\"https:\/\/bioeducator.eu\/wp-content\/uploads\/2025\/12\/Scientist_question_mark-150x150.png 150w, https:\/\/bioeducator.eu\/wp-content\/uploads\/2025\/12\/Scientist_question_mark-300x300.png 300w, https:\/\/bioeducator.eu\/wp-content\/uploads\/2025\/12\/Scientist_question_mark-768x768.png 768w, https:\/\/bioeducator.eu\/wp-content\/uploads\/2025\/12\/Scientist_question_mark.png 1024w\" sizes=\"auto, (max-width: 150px) 100vw, 150px\" \/><\/div><a class=\"wp-block-latest-posts__post-title\" href=\"https:\/\/bioeducator.eu\/?p=1733&#038;lang=en\">When to conclude the development of an analytical method?<\/a><div class=\"wp-block-latest-posts__post-excerpt\">How do you know when to stop optimising your analytical method? This question was asked during one of the training sessions I was giving. Although I knew the answer, it still surprised me. Because it&#8217;s not obvious at all.<\/div><\/li>\n<li><div class=\"wp-block-latest-posts__featured-image alignleft\"><img loading=\"lazy\" decoding=\"async\" width=\"150\" height=\"150\" src=\"https:\/\/bioeducator.eu\/wp-content\/uploads\/2025\/12\/Scientist_question_mark-150x150.png\" class=\"attachment-thumbnail size-thumbnail wp-post-image\" alt=\"\" style=\"\" srcset=\"https:\/\/bioeducator.eu\/wp-content\/uploads\/2025\/12\/Scientist_question_mark-150x150.png 150w, https:\/\/bioeducator.eu\/wp-content\/uploads\/2025\/12\/Scientist_question_mark-300x300.png 300w, https:\/\/bioeducator.eu\/wp-content\/uploads\/2025\/12\/Scientist_question_mark-768x768.png 768w, https:\/\/bioeducator.eu\/wp-content\/uploads\/2025\/12\/Scientist_question_mark.png 1024w\" sizes=\"auto, (max-width: 150px) 100vw, 150px\" \/><\/div><a class=\"wp-block-latest-posts__post-title\" href=\"https:\/\/bioeducator.eu\/?p=1725\">Kiedy zako\u0144czy\u0107 rozw\u00f3j metody analitycznej?<\/a><div class=\"wp-block-latest-posts__post-excerpt\">Sk\u0105d wiedzie\u0107, kiedy przesta\u0107 optymalizowa\u0107 metod\u0119 analityczn\u0105? To pytanie pad\u0142o na jednym ze szkole\u0144, kt\u00f3re prowadzi\u0142em. Cho\u0107 zna\u0142em odpowied\u017a to jednak mnie zaskoczy\u0142o. Bo to przecie\u017c zupe\u0142nie nieoczywiste. <\/div><\/li>\n<li><div class=\"wp-block-latest-posts__featured-image alignleft\"><img loading=\"lazy\" decoding=\"async\" width=\"150\" height=\"150\" src=\"https:\/\/bioeducator.eu\/wp-content\/uploads\/2025\/03\/john-schnobrich-FlPc9_VocJ4-unsplash-150x150.jpg\" class=\"attachment-thumbnail size-thumbnail wp-post-image\" alt=\"Projektowanie jako\u015bci\" style=\"\" srcset=\"https:\/\/bioeducator.eu\/wp-content\/uploads\/2025\/03\/john-schnobrich-FlPc9_VocJ4-unsplash-150x150.jpg 150w, https:\/\/bioeducator.eu\/wp-content\/uploads\/2025\/03\/john-schnobrich-FlPc9_VocJ4-unsplash-300x300.jpg 300w\" sizes=\"auto, (max-width: 150px) 100vw, 150px\" \/><\/div><a class=\"wp-block-latest-posts__post-title\" href=\"https:\/\/bioeducator.eu\/?p=1495\">90 lat projektowania do\u015bwiadcze\u0144<\/a><div class=\"wp-block-latest-posts__post-excerpt\">W wi\u0119kszo\u015bci przypadk\u00f3w DoE pokazuj\u0105 jako innowacyjne podej\u015bcie do bada\u0144 naukowych czy optymalizacji proces\u00f3w. Nic bardziej mylnego. W\u0142a\u015bnie mija 90 lat od kiedy Ronald Fisher opublikowa\u0142 prac\u0119 The design of experiments.<\/div><\/li>\n<\/ul>","protected":false},"excerpt":{"rendered":"<p>Upcoming Trainings Trainings Calendar<\/p>\n","protected":false},"author":1,"featured_media":0,"parent":0,"menu_order":0,"comment_status":"closed","ping_status":"closed","template":"","meta":{"_sitemap_exclude":false,"_sitemap_priority":"","_sitemap_frequency":"","footnotes":""},"class_list":["post-590","page","type-page","status-publish","hentry"],"yoast_head":"<!-- This site is optimized with the Yoast SEO plugin v27.0 - https:\/\/yoast.com\/product\/yoast-seo-wordpress\/ -->\n<title>Bioeducator - English - Bioeducator.eu<\/title>\n<meta name=\"robots\" content=\"index, follow, max-snippet:-1, max-image-preview:large, max-video-preview:-1\" \/>\n<link rel=\"canonical\" href=\"https:\/\/bioeducator.eu\/?page_id=590&lang=en\" \/>\n<meta property=\"og:locale\" content=\"pl_PL\" \/>\n<meta property=\"og:type\" content=\"article\" \/>\n<meta property=\"og:title\" content=\"Bioeducator - English - Bioeducator.eu\" \/>\n<meta property=\"og:description\" content=\"Upcoming Trainings Trainings Calendar\" \/>\n<meta property=\"og:url\" content=\"https:\/\/bioeducator.eu\/?page_id=590&amp;lang=en\" \/>\n<meta property=\"og:site_name\" content=\"Bioeducator.eu\" \/>\n<meta property=\"article:modified_time\" content=\"2026-03-11T17:45:10+00:00\" \/>\n<meta property=\"og:image\" content=\"https:\/\/bioeducator.eu\/wp-content\/uploads\/2025\/07\/alexander-grey-eMP4sYPJ9x0-unsplash-1-scaled.jpg\" \/>\n\t<meta property=\"og:image:width\" content=\"2560\" \/>\n\t<meta property=\"og:image:height\" content=\"1707\" \/>\n\t<meta property=\"og:image:type\" content=\"image\/jpeg\" \/>\n<meta name=\"twitter:card\" content=\"summary_large_image\" \/>\n<meta name=\"twitter:label1\" content=\"Szacowany czas czytania\" \/>\n\t<meta name=\"twitter:data1\" content=\"1 minuta\" \/>\n<script type=\"application\/ld+json\" class=\"yoast-schema-graph\">{\"@context\":\"https:\/\/schema.org\",\"@graph\":[{\"@type\":\"WebPage\",\"@id\":\"https:\/\/bioeducator.eu\/?page_id=590&lang=en\",\"url\":\"https:\/\/bioeducator.eu\/?page_id=590&lang=en\",\"name\":\"Bioeducator - English - Bioeducator.eu\",\"isPartOf\":{\"@id\":\"https:\/\/bioeducator.eu\/#website\"},\"primaryImageOfPage\":{\"@id\":\"https:\/\/bioeducator.eu\/?page_id=590&lang=en#primaryimage\"},\"image\":{\"@id\":\"https:\/\/bioeducator.eu\/?page_id=590&lang=en#primaryimage\"},\"thumbnailUrl\":\"https:\/\/bioeducator.eu\/wp-content\/uploads\/2025\/07\/alexander-grey-eMP4sYPJ9x0-unsplash-1-1024x683.jpg\",\"datePublished\":\"2022-03-28T08:10:42+00:00\",\"dateModified\":\"2026-03-11T17:45:10+00:00\",\"breadcrumb\":{\"@id\":\"https:\/\/bioeducator.eu\/?page_id=590&lang=en#breadcrumb\"},\"inLanguage\":\"pl-PL\",\"potentialAction\":[{\"@type\":\"ReadAction\",\"target\":[\"https:\/\/bioeducator.eu\/?page_id=590&lang=en\"]}]},{\"@type\":\"ImageObject\",\"inLanguage\":\"pl-PL\",\"@id\":\"https:\/\/bioeducator.eu\/?page_id=590&lang=en#primaryimage\",\"url\":\"https:\/\/bioeducator.eu\/wp-content\/uploads\/2025\/07\/alexander-grey-eMP4sYPJ9x0-unsplash-1-scaled.jpg\",\"contentUrl\":\"https:\/\/bioeducator.eu\/wp-content\/uploads\/2025\/07\/alexander-grey-eMP4sYPJ9x0-unsplash-1-scaled.jpg\",\"width\":2560,\"height\":1707},{\"@type\":\"BreadcrumbList\",\"@id\":\"https:\/\/bioeducator.eu\/?page_id=590&lang=en#breadcrumb\",\"itemListElement\":[{\"@type\":\"ListItem\",\"position\":1,\"name\":\"Strona g\u0142\u00f3wna\",\"item\":\"https:\/\/bioeducator.eu\/\"},{\"@type\":\"ListItem\",\"position\":2,\"name\":\"Bioeducator &#8211; English\"}]},{\"@type\":\"WebSite\",\"@id\":\"https:\/\/bioeducator.eu\/#website\",\"url\":\"https:\/\/bioeducator.eu\/\",\"name\":\"Bioeducator.eu\",\"description\":\"\",\"publisher\":{\"@id\":\"https:\/\/bioeducator.eu\/#organization\"},\"potentialAction\":[{\"@type\":\"SearchAction\",\"target\":{\"@type\":\"EntryPoint\",\"urlTemplate\":\"https:\/\/bioeducator.eu\/?s={search_term_string}\"},\"query-input\":{\"@type\":\"PropertyValueSpecification\",\"valueRequired\":true,\"valueName\":\"search_term_string\"}}],\"inLanguage\":\"pl-PL\"},{\"@type\":\"Organization\",\"@id\":\"https:\/\/bioeducator.eu\/#organization\",\"name\":\"Bioeducator.eu\",\"url\":\"https:\/\/bioeducator.eu\/\",\"logo\":{\"@type\":\"ImageObject\",\"inLanguage\":\"pl-PL\",\"@id\":\"https:\/\/bioeducator.eu\/#\/schema\/logo\/image\/\",\"url\":\"https:\/\/bioeducator.eu\/wp-content\/uploads\/2025\/03\/Bioeducator_logo_poziom.png\",\"contentUrl\":\"https:\/\/bioeducator.eu\/wp-content\/uploads\/2025\/03\/Bioeducator_logo_poziom.png\",\"width\":3910,\"height\":935,\"caption\":\"Bioeducator.eu\"},\"image\":{\"@id\":\"https:\/\/bioeducator.eu\/#\/schema\/logo\/image\/\"}}]}<\/script>\n<!-- \/ Yoast SEO plugin. -->","yoast_head_json":{"title":"Bioeducator - English - Bioeducator.eu","robots":{"index":"index","follow":"follow","max-snippet":"max-snippet:-1","max-image-preview":"max-image-preview:large","max-video-preview":"max-video-preview:-1"},"canonical":"https:\/\/bioeducator.eu\/?page_id=590&lang=en","og_locale":"pl_PL","og_type":"article","og_title":"Bioeducator - English - Bioeducator.eu","og_description":"Upcoming Trainings Trainings Calendar","og_url":"https:\/\/bioeducator.eu\/?page_id=590&lang=en","og_site_name":"Bioeducator.eu","article_modified_time":"2026-03-11T17:45:10+00:00","og_image":[{"width":2560,"height":1707,"url":"https:\/\/bioeducator.eu\/wp-content\/uploads\/2025\/07\/alexander-grey-eMP4sYPJ9x0-unsplash-1-scaled.jpg","type":"image\/jpeg"}],"twitter_card":"summary_large_image","twitter_misc":{"Szacowany czas czytania":"1 minuta"},"schema":{"@context":"https:\/\/schema.org","@graph":[{"@type":"WebPage","@id":"https:\/\/bioeducator.eu\/?page_id=590&lang=en","url":"https:\/\/bioeducator.eu\/?page_id=590&lang=en","name":"Bioeducator - English - Bioeducator.eu","isPartOf":{"@id":"https:\/\/bioeducator.eu\/#website"},"primaryImageOfPage":{"@id":"https:\/\/bioeducator.eu\/?page_id=590&lang=en#primaryimage"},"image":{"@id":"https:\/\/bioeducator.eu\/?page_id=590&lang=en#primaryimage"},"thumbnailUrl":"https:\/\/bioeducator.eu\/wp-content\/uploads\/2025\/07\/alexander-grey-eMP4sYPJ9x0-unsplash-1-1024x683.jpg","datePublished":"2022-03-28T08:10:42+00:00","dateModified":"2026-03-11T17:45:10+00:00","breadcrumb":{"@id":"https:\/\/bioeducator.eu\/?page_id=590&lang=en#breadcrumb"},"inLanguage":"pl-PL","potentialAction":[{"@type":"ReadAction","target":["https:\/\/bioeducator.eu\/?page_id=590&lang=en"]}]},{"@type":"ImageObject","inLanguage":"pl-PL","@id":"https:\/\/bioeducator.eu\/?page_id=590&lang=en#primaryimage","url":"https:\/\/bioeducator.eu\/wp-content\/uploads\/2025\/07\/alexander-grey-eMP4sYPJ9x0-unsplash-1-scaled.jpg","contentUrl":"https:\/\/bioeducator.eu\/wp-content\/uploads\/2025\/07\/alexander-grey-eMP4sYPJ9x0-unsplash-1-scaled.jpg","width":2560,"height":1707},{"@type":"BreadcrumbList","@id":"https:\/\/bioeducator.eu\/?page_id=590&lang=en#breadcrumb","itemListElement":[{"@type":"ListItem","position":1,"name":"Strona g\u0142\u00f3wna","item":"https:\/\/bioeducator.eu\/"},{"@type":"ListItem","position":2,"name":"Bioeducator &#8211; English"}]},{"@type":"WebSite","@id":"https:\/\/bioeducator.eu\/#website","url":"https:\/\/bioeducator.eu\/","name":"Bioeducator.eu","description":"","publisher":{"@id":"https:\/\/bioeducator.eu\/#organization"},"potentialAction":[{"@type":"SearchAction","target":{"@type":"EntryPoint","urlTemplate":"https:\/\/bioeducator.eu\/?s={search_term_string}"},"query-input":{"@type":"PropertyValueSpecification","valueRequired":true,"valueName":"search_term_string"}}],"inLanguage":"pl-PL"},{"@type":"Organization","@id":"https:\/\/bioeducator.eu\/#organization","name":"Bioeducator.eu","url":"https:\/\/bioeducator.eu\/","logo":{"@type":"ImageObject","inLanguage":"pl-PL","@id":"https:\/\/bioeducator.eu\/#\/schema\/logo\/image\/","url":"https:\/\/bioeducator.eu\/wp-content\/uploads\/2025\/03\/Bioeducator_logo_poziom.png","contentUrl":"https:\/\/bioeducator.eu\/wp-content\/uploads\/2025\/03\/Bioeducator_logo_poziom.png","width":3910,"height":935,"caption":"Bioeducator.eu"},"image":{"@id":"https:\/\/bioeducator.eu\/#\/schema\/logo\/image\/"}}]}},"_links":{"self":[{"href":"https:\/\/bioeducator.eu\/index.php?rest_route=\/wp\/v2\/pages\/590","targetHints":{"allow":["GET"]}}],"collection":[{"href":"https:\/\/bioeducator.eu\/index.php?rest_route=\/wp\/v2\/pages"}],"about":[{"href":"https:\/\/bioeducator.eu\/index.php?rest_route=\/wp\/v2\/types\/page"}],"author":[{"embeddable":true,"href":"https:\/\/bioeducator.eu\/index.php?rest_route=\/wp\/v2\/users\/1"}],"replies":[{"embeddable":true,"href":"https:\/\/bioeducator.eu\/index.php?rest_route=%2Fwp%2Fv2%2Fcomments&post=590"}],"version-history":[{"count":33,"href":"https:\/\/bioeducator.eu\/index.php?rest_route=\/wp\/v2\/pages\/590\/revisions"}],"predecessor-version":[{"id":2174,"href":"https:\/\/bioeducator.eu\/index.php?rest_route=\/wp\/v2\/pages\/590\/revisions\/2174"}],"wp:attachment":[{"href":"https:\/\/bioeducator.eu\/index.php?rest_route=%2Fwp%2Fv2%2Fmedia&parent=590"}],"curies":[{"name":"wp","href":"https:\/\/api.w.org\/{rel}","templated":true}]}}