{"id":481,"date":"2022-02-15T20:36:43","date_gmt":"2022-02-15T19:36:43","guid":{"rendered":"https:\/\/bioeducator.eu\/?page_id=481"},"modified":"2026-02-13T14:05:25","modified_gmt":"2026-02-13T13:05:25","slug":"szkolenie-online-walidacja-arkuszy-obliczeniowych","status":"publish","type":"page","link":"https:\/\/bioeducator.eu\/?page_id=481","title":{"rendered":"Szkolenie online: Walidacja arkuszy obliczeniowych"},"content":{"rendered":"\n<h2 class=\"wp-block-heading\">Termin szkolenia: 22-26 czerwca 2025<\/h2>\n\n\n<div class=\"clickmeeting-iframe\"><iframe loading=\"lazy\" src=\"https:\/\/bioeducator.clickmeeting.com\/walidacja-arkuszy-obliczeniowych\/register?lang=\u201dpl\u201d&popup=off\" width=\"1024\" height=\"2700px\" scrolling=\"no\" frameborder=\"0\" allowfullscreen style=\"display: block;border: none;\"><\/iframe><\/div>\n\n\n\n<h2 class=\"wp-block-heading\" id=\"kontakt\">Kontakt<\/h2>\n\n\n\n<p>Potrzebujesz indywidualnej oferty, masz jakie\u015b pytania? Zapraszamy do kontaktu<\/p>\n\n\n<div class=\"wpforms-container wpforms-container-full wpforms-block wpforms-block-5470601f-c2a6-42fe-b2f8-2d6ce51c2163\" id=\"wpforms-513\"><form id=\"wpforms-form-513\" class=\"wpforms-validate wpforms-form wpforms-ajax-form\" data-formid=\"513\" method=\"post\" enctype=\"multipart\/form-data\" action=\"\/index.php?rest_route=%2Fwp%2Fv2%2Fpages%2F481\" data-token=\"0b06d00b581051735c6c1a11d4ba91d4\" data-token-time=\"1776409594\"><noscript class=\"wpforms-error-noscript\">Aby wype\u0142ni\u0107 ten formularz, w\u0142\u0105cz obs\u0142ug\u0119 JavaScript w przegl\u0105darce.<\/noscript><div class=\"wpforms-field-container\"><div id=\"wpforms-513-field_0-container\" class=\"wpforms-field wpforms-field-name\" data-field-id=\"0\"><label class=\"wpforms-field-label\" for=\"wpforms-513-field_0\">Imi\u0119 i Nazwisko <span class=\"wpforms-required-label\">*<\/span><\/label><input type=\"text\" id=\"wpforms-513-field_0\" class=\"wpforms-field-medium wpforms-field-required\" name=\"wpforms[fields][0]\" required><\/div><div id=\"wpforms-513-field_1-container\" class=\"wpforms-field wpforms-field-email\" data-field-id=\"1\"><label class=\"wpforms-field-label\" for=\"wpforms-513-field_1\">Adres E-mail <span class=\"wpforms-required-label\">*<\/span><\/label><input type=\"email\" id=\"wpforms-513-field_1\" class=\"wpforms-field-medium wpforms-field-required\" name=\"wpforms[fields][1]\" spellcheck=\"false\" required><\/div><div id=\"wpforms-513-field_2-container\" class=\"wpforms-field wpforms-field-textarea\" data-field-id=\"2\"><label class=\"wpforms-field-label\" for=\"wpforms-513-field_2\">Wiadomo\u015b\u0107 <span class=\"wpforms-required-label\">*<\/span><\/label><textarea id=\"wpforms-513-field_2\" class=\"wpforms-field-medium wpforms-field-required\" name=\"wpforms[fields][2]\" required><\/textarea><\/div><\/div><!-- .wpforms-field-container --><div class=\"wpforms-submit-container\" ><input type=\"hidden\" name=\"wpforms[id]\" value=\"513\"><input type=\"hidden\" name=\"page_title\" value=\"\"><input type=\"hidden\" name=\"page_url\" value=\"https:\/\/bioeducator.eu\/index.php?rest_route=\/wp\/v2\/pages\/481\"><input type=\"hidden\" name=\"url_referer\" value=\"\"><button type=\"submit\" name=\"wpforms[submit]\" id=\"wpforms-submit-513\" class=\"wpforms-submit\" data-alt-text=\"Wysy\u0142anie....\" data-submit-text=\"Wy\u015blij\" aria-live=\"assertive\" value=\"wpforms-submit\">Wy\u015blij<\/button><img loading=\"lazy\" decoding=\"async\" src=\"https:\/\/bioeducator.eu\/wp-content\/plugins\/wpforms-lite\/assets\/images\/submit-spin.svg\" class=\"wpforms-submit-spinner\" style=\"display: none;\" width=\"26\" height=\"26\" alt=\"Wczytywanie\"><\/div><\/form><\/div>  <!-- .wpforms-container -->","protected":false},"excerpt":{"rendered":"<p>Termin szkolenia: 22-26 czerwca 2025 Kontakt Potrzebujesz indywidualnej oferty, masz jakie\u015b pytania? Zapraszamy do kontaktu<\/p>\n","protected":false},"author":1,"featured_media":229,"parent":1215,"menu_order":0,"comment_status":"closed","ping_status":"closed","template":"","meta":{"_sitemap_exclude":false,"_sitemap_priority":"","_sitemap_frequency":"","footnotes":""},"class_list":["post-481","page","type-page","status-publish","has-post-thumbnail","hentry"],"yoast_head":"<!-- This site is optimized with the Yoast SEO plugin v27.0 - https:\/\/yoast.com\/product\/yoast-seo-wordpress\/ -->\n<title>Szkolenie online: Walidacja arkuszy obliczeniowych - Bioeducator.eu<\/title>\n<meta name=\"description\" content=\"Walidacja arkuszy obliczeniowych w praktyce. Praktyczne warsztaty online. Przygotowanie arkusza, blokowanie kom\u00f3rek, tworzenie raport\u00f3w\" \/>\n<meta name=\"robots\" content=\"index, follow, max-snippet:-1, max-image-preview:large, max-video-preview:-1\" \/>\n<link rel=\"canonical\" href=\"https:\/\/bioeducator.eu\/?page_id=481\" \/>\n<meta property=\"og:locale\" content=\"pl_PL\" \/>\n<meta property=\"og:type\" content=\"article\" \/>\n<meta property=\"og:title\" content=\"Szkolenie online: Walidacja arkuszy obliczeniowych - Bioeducator.eu\" \/>\n<meta property=\"og:description\" content=\"Zapisz si\u0119 na praktyczne szkolenie online z walidacji arkuszy obliczeniowych. Zapisz si\u0119 i dowiedz si\u0119: dlaczego waliduje si\u0119 arkusze obliczeniowe, jakie s\u0105 podej\u015bcia do walidacji arkuszy, co to jest specyfikacja u\u017cytkownika i co powinna zawiera\u0107, jak blokowa\u0107 kom\u00f3rki i tworzy\u0107 raporty w excelu.\" \/>\n<meta property=\"og:url\" content=\"https:\/\/bioeducator.eu\/?page_id=481\" \/>\n<meta property=\"og:site_name\" content=\"Bioeducator.eu\" \/>\n<meta property=\"article:modified_time\" content=\"2026-02-13T13:05:25+00:00\" \/>\n<meta property=\"og:image\" content=\"https:\/\/bioeducator.eu\/wp-content\/uploads\/2022\/01\/lukas-blazek-mcSDtbWXUZU-unsplash-scaled.jpg\" \/>\n\t<meta property=\"og:image:width\" content=\"2560\" \/>\n\t<meta property=\"og:image:height\" content=\"1695\" \/>\n\t<meta property=\"og:image:type\" content=\"image\/jpeg\" \/>\n<meta name=\"twitter:card\" content=\"summary_large_image\" \/>\n<meta name=\"twitter:title\" content=\"Szkolenie online: Walidacja arkuszy obliczeniowych - Bioeducator.eu\" \/>\n<meta name=\"twitter:description\" content=\"Zapisz si\u0119 na praktyczne szkolenie online z walidacji arkuszy obliczeniowych. Zapisz si\u0119 i dowiedz si\u0119: dlaczego waliduje si\u0119 arkusze obliczeniowe, jakie s\u0105 podej\u015bcia do walidacji arkuszy, co to jest specyfikacja u\u017cytkownika i co powinna zawiera\u0107, jak blokowa\u0107 kom\u00f3rki i tworzy\u0107 raporty w excelu.\" \/>\n<meta name=\"twitter:image\" content=\"https:\/\/bioeducator.eu\/wp-content\/uploads\/2022\/01\/lukas-blazek-mcSDtbWXUZU-unsplash-scaled.jpg\" \/>\n<meta name=\"twitter:label1\" content=\"Szacowany czas czytania\" \/>\n\t<meta name=\"twitter:data1\" content=\"1 minuta\" \/>\n<script type=\"application\/ld+json\" class=\"yoast-schema-graph\">{\"@context\":\"https:\/\/schema.org\",\"@graph\":[{\"@type\":\"WebPage\",\"@id\":\"https:\/\/bioeducator.eu\/?page_id=481\",\"url\":\"https:\/\/bioeducator.eu\/?page_id=481\",\"name\":\"Szkolenie online: Walidacja arkuszy obliczeniowych - Bioeducator.eu\",\"isPartOf\":{\"@id\":\"https:\/\/bioeducator.eu\/#website\"},\"primaryImageOfPage\":{\"@id\":\"https:\/\/bioeducator.eu\/?page_id=481#primaryimage\"},\"image\":{\"@id\":\"https:\/\/bioeducator.eu\/?page_id=481#primaryimage\"},\"thumbnailUrl\":\"https:\/\/bioeducator.eu\/wp-content\/uploads\/2022\/01\/lukas-blazek-mcSDtbWXUZU-unsplash-scaled.jpg\",\"datePublished\":\"2022-02-15T19:36:43+00:00\",\"dateModified\":\"2026-02-13T13:05:25+00:00\",\"description\":\"Walidacja arkuszy obliczeniowych w praktyce. Praktyczne warsztaty online. Przygotowanie arkusza, blokowanie kom\u00f3rek, tworzenie raport\u00f3w\",\"breadcrumb\":{\"@id\":\"https:\/\/bioeducator.eu\/?page_id=481#breadcrumb\"},\"inLanguage\":\"pl-PL\",\"potentialAction\":[{\"@type\":\"ReadAction\",\"target\":[\"https:\/\/bioeducator.eu\/?page_id=481\"]}]},{\"@type\":\"ImageObject\",\"inLanguage\":\"pl-PL\",\"@id\":\"https:\/\/bioeducator.eu\/?page_id=481#primaryimage\",\"url\":\"https:\/\/bioeducator.eu\/wp-content\/uploads\/2022\/01\/lukas-blazek-mcSDtbWXUZU-unsplash-scaled.jpg\",\"contentUrl\":\"https:\/\/bioeducator.eu\/wp-content\/uploads\/2022\/01\/lukas-blazek-mcSDtbWXUZU-unsplash-scaled.jpg\",\"width\":2560,\"height\":1695,\"caption\":\"walidacja arkuszy obliczeniowych\"},{\"@type\":\"BreadcrumbList\",\"@id\":\"https:\/\/bioeducator.eu\/?page_id=481#breadcrumb\",\"itemListElement\":[{\"@type\":\"ListItem\",\"position\":1,\"name\":\"Strona g\u0142\u00f3wna\",\"item\":\"https:\/\/bioeducator.eu\/\"},{\"@type\":\"ListItem\",\"position\":2,\"name\":\"Bioeducator\",\"item\":\"https:\/\/bioeducator.eu\/\"},{\"@type\":\"ListItem\",\"position\":3,\"name\":\"Szkolenia\",\"item\":\"https:\/\/bioeducator.eu\/?page_id=103\"},{\"@type\":\"ListItem\",\"position\":4,\"name\":\"Szkolenie &#8222;Walidacja arkuszy obliczeniowych&#8221;\",\"item\":\"https:\/\/bioeducator.eu\/?page_id=1215\"},{\"@type\":\"ListItem\",\"position\":5,\"name\":\"Szkolenie online: Walidacja arkuszy obliczeniowych\"}]},{\"@type\":\"WebSite\",\"@id\":\"https:\/\/bioeducator.eu\/#website\",\"url\":\"https:\/\/bioeducator.eu\/\",\"name\":\"Bioeducator.eu\",\"description\":\"\",\"publisher\":{\"@id\":\"https:\/\/bioeducator.eu\/#organization\"},\"potentialAction\":[{\"@type\":\"SearchAction\",\"target\":{\"@type\":\"EntryPoint\",\"urlTemplate\":\"https:\/\/bioeducator.eu\/?s={search_term_string}\"},\"query-input\":{\"@type\":\"PropertyValueSpecification\",\"valueRequired\":true,\"valueName\":\"search_term_string\"}}],\"inLanguage\":\"pl-PL\"},{\"@type\":\"Organization\",\"@id\":\"https:\/\/bioeducator.eu\/#organization\",\"name\":\"Bioeducator.eu\",\"url\":\"https:\/\/bioeducator.eu\/\",\"logo\":{\"@type\":\"ImageObject\",\"inLanguage\":\"pl-PL\",\"@id\":\"https:\/\/bioeducator.eu\/#\/schema\/logo\/image\/\",\"url\":\"https:\/\/bioeducator.eu\/wp-content\/uploads\/2025\/03\/Bioeducator_logo_poziom.png\",\"contentUrl\":\"https:\/\/bioeducator.eu\/wp-content\/uploads\/2025\/03\/Bioeducator_logo_poziom.png\",\"width\":3910,\"height\":935,\"caption\":\"Bioeducator.eu\"},\"image\":{\"@id\":\"https:\/\/bioeducator.eu\/#\/schema\/logo\/image\/\"}}]}<\/script>\n<!-- \/ Yoast SEO plugin. -->","yoast_head_json":{"title":"Szkolenie online: Walidacja arkuszy obliczeniowych - Bioeducator.eu","description":"Walidacja arkuszy obliczeniowych w praktyce. Praktyczne warsztaty online. Przygotowanie arkusza, blokowanie kom\u00f3rek, tworzenie raport\u00f3w","robots":{"index":"index","follow":"follow","max-snippet":"max-snippet:-1","max-image-preview":"max-image-preview:large","max-video-preview":"max-video-preview:-1"},"canonical":"https:\/\/bioeducator.eu\/?page_id=481","og_locale":"pl_PL","og_type":"article","og_title":"Szkolenie online: Walidacja arkuszy obliczeniowych - Bioeducator.eu","og_description":"Zapisz si\u0119 na praktyczne szkolenie online z walidacji arkuszy obliczeniowych. Zapisz si\u0119 i dowiedz si\u0119: dlaczego waliduje si\u0119 arkusze obliczeniowe, jakie s\u0105 podej\u015bcia do walidacji arkuszy, co to jest specyfikacja u\u017cytkownika i co powinna zawiera\u0107, jak blokowa\u0107 kom\u00f3rki i tworzy\u0107 raporty w excelu.","og_url":"https:\/\/bioeducator.eu\/?page_id=481","og_site_name":"Bioeducator.eu","article_modified_time":"2026-02-13T13:05:25+00:00","og_image":[{"width":2560,"height":1695,"url":"https:\/\/bioeducator.eu\/wp-content\/uploads\/2022\/01\/lukas-blazek-mcSDtbWXUZU-unsplash-scaled.jpg","type":"image\/jpeg"}],"twitter_card":"summary_large_image","twitter_title":"Szkolenie online: Walidacja arkuszy obliczeniowych - Bioeducator.eu","twitter_description":"Zapisz si\u0119 na praktyczne szkolenie online z walidacji arkuszy obliczeniowych. Zapisz si\u0119 i dowiedz si\u0119: dlaczego waliduje si\u0119 arkusze obliczeniowe, jakie s\u0105 podej\u015bcia do walidacji arkuszy, co to jest specyfikacja u\u017cytkownika i co powinna zawiera\u0107, jak blokowa\u0107 kom\u00f3rki i tworzy\u0107 raporty w excelu.","twitter_image":"https:\/\/bioeducator.eu\/wp-content\/uploads\/2022\/01\/lukas-blazek-mcSDtbWXUZU-unsplash-scaled.jpg","twitter_misc":{"Szacowany czas czytania":"1 minuta"},"schema":{"@context":"https:\/\/schema.org","@graph":[{"@type":"WebPage","@id":"https:\/\/bioeducator.eu\/?page_id=481","url":"https:\/\/bioeducator.eu\/?page_id=481","name":"Szkolenie online: Walidacja arkuszy obliczeniowych - Bioeducator.eu","isPartOf":{"@id":"https:\/\/bioeducator.eu\/#website"},"primaryImageOfPage":{"@id":"https:\/\/bioeducator.eu\/?page_id=481#primaryimage"},"image":{"@id":"https:\/\/bioeducator.eu\/?page_id=481#primaryimage"},"thumbnailUrl":"https:\/\/bioeducator.eu\/wp-content\/uploads\/2022\/01\/lukas-blazek-mcSDtbWXUZU-unsplash-scaled.jpg","datePublished":"2022-02-15T19:36:43+00:00","dateModified":"2026-02-13T13:05:25+00:00","description":"Walidacja arkuszy obliczeniowych w praktyce. Praktyczne warsztaty online. Przygotowanie arkusza, blokowanie kom\u00f3rek, tworzenie raport\u00f3w","breadcrumb":{"@id":"https:\/\/bioeducator.eu\/?page_id=481#breadcrumb"},"inLanguage":"pl-PL","potentialAction":[{"@type":"ReadAction","target":["https:\/\/bioeducator.eu\/?page_id=481"]}]},{"@type":"ImageObject","inLanguage":"pl-PL","@id":"https:\/\/bioeducator.eu\/?page_id=481#primaryimage","url":"https:\/\/bioeducator.eu\/wp-content\/uploads\/2022\/01\/lukas-blazek-mcSDtbWXUZU-unsplash-scaled.jpg","contentUrl":"https:\/\/bioeducator.eu\/wp-content\/uploads\/2022\/01\/lukas-blazek-mcSDtbWXUZU-unsplash-scaled.jpg","width":2560,"height":1695,"caption":"walidacja arkuszy obliczeniowych"},{"@type":"BreadcrumbList","@id":"https:\/\/bioeducator.eu\/?page_id=481#breadcrumb","itemListElement":[{"@type":"ListItem","position":1,"name":"Strona g\u0142\u00f3wna","item":"https:\/\/bioeducator.eu\/"},{"@type":"ListItem","position":2,"name":"Bioeducator","item":"https:\/\/bioeducator.eu\/"},{"@type":"ListItem","position":3,"name":"Szkolenia","item":"https:\/\/bioeducator.eu\/?page_id=103"},{"@type":"ListItem","position":4,"name":"Szkolenie &#8222;Walidacja arkuszy obliczeniowych&#8221;","item":"https:\/\/bioeducator.eu\/?page_id=1215"},{"@type":"ListItem","position":5,"name":"Szkolenie online: Walidacja arkuszy obliczeniowych"}]},{"@type":"WebSite","@id":"https:\/\/bioeducator.eu\/#website","url":"https:\/\/bioeducator.eu\/","name":"Bioeducator.eu","description":"","publisher":{"@id":"https:\/\/bioeducator.eu\/#organization"},"potentialAction":[{"@type":"SearchAction","target":{"@type":"EntryPoint","urlTemplate":"https:\/\/bioeducator.eu\/?s={search_term_string}"},"query-input":{"@type":"PropertyValueSpecification","valueRequired":true,"valueName":"search_term_string"}}],"inLanguage":"pl-PL"},{"@type":"Organization","@id":"https:\/\/bioeducator.eu\/#organization","name":"Bioeducator.eu","url":"https:\/\/bioeducator.eu\/","logo":{"@type":"ImageObject","inLanguage":"pl-PL","@id":"https:\/\/bioeducator.eu\/#\/schema\/logo\/image\/","url":"https:\/\/bioeducator.eu\/wp-content\/uploads\/2025\/03\/Bioeducator_logo_poziom.png","contentUrl":"https:\/\/bioeducator.eu\/wp-content\/uploads\/2025\/03\/Bioeducator_logo_poziom.png","width":3910,"height":935,"caption":"Bioeducator.eu"},"image":{"@id":"https:\/\/bioeducator.eu\/#\/schema\/logo\/image\/"}}]}},"_links":{"self":[{"href":"https:\/\/bioeducator.eu\/index.php?rest_route=\/wp\/v2\/pages\/481","targetHints":{"allow":["GET"]}}],"collection":[{"href":"https:\/\/bioeducator.eu\/index.php?rest_route=\/wp\/v2\/pages"}],"about":[{"href":"https:\/\/bioeducator.eu\/index.php?rest_route=\/wp\/v2\/types\/page"}],"author":[{"embeddable":true,"href":"https:\/\/bioeducator.eu\/index.php?rest_route=\/wp\/v2\/users\/1"}],"replies":[{"embeddable":true,"href":"https:\/\/bioeducator.eu\/index.php?rest_route=%2Fwp%2Fv2%2Fcomments&post=481"}],"version-history":[{"count":19,"href":"https:\/\/bioeducator.eu\/index.php?rest_route=\/wp\/v2\/pages\/481\/revisions"}],"predecessor-version":[{"id":2035,"href":"https:\/\/bioeducator.eu\/index.php?rest_route=\/wp\/v2\/pages\/481\/revisions\/2035"}],"up":[{"embeddable":true,"href":"https:\/\/bioeducator.eu\/index.php?rest_route=\/wp\/v2\/pages\/1215"}],"wp:featuredmedia":[{"embeddable":true,"href":"https:\/\/bioeducator.eu\/index.php?rest_route=\/wp\/v2\/media\/229"}],"wp:attachment":[{"href":"https:\/\/bioeducator.eu\/index.php?rest_route=%2Fwp%2Fv2%2Fmedia&parent=481"}],"curies":[{"name":"wp","href":"https:\/\/api.w.org\/{rel}","templated":true}]}}