{"id":2233,"date":"2026-05-04T15:27:02","date_gmt":"2026-05-04T13:27:02","guid":{"rendered":"https:\/\/bioeducator.eu\/?page_id=2233"},"modified":"2026-05-04T15:27:04","modified_gmt":"2026-05-04T13:27:04","slug":"phosphate-buffer","status":"publish","type":"page","link":"https:\/\/bioeducator.eu\/?page_id=2233&lang=en","title":{"rendered":"Phosphate buffer"},"content":{"rendered":"\n<p>Phosphate buffer is very commonly used in the laboratory. Its applications range widely, from enzymatic assays to histology. Wherever it is necessary to maintain a neutral pH under variable conditions, phosphate buffer is ideal. Another major advantage is the ability to control the buffer\u2019s pH and adjust it to specific requirements (e.g. the optimal pH for the activity of particular enzymes).<\/p>\n\n\n\n<h2 class=\"wp-block-heading\">What does the phosphate buffer consist of?<\/h2>\n\n\n\n<p>There are two types of phosphate buffer. The first is based on sodium salts, the second on potassium salts. Both buffers contain salts of dihydrogen phosphate and hydrogen phosphate.<\/p>\n\n\n\n<figure class=\"wp-block-table\"><table class=\"has-fixed-layout\"><tbody><tr><td class=\"has-text-align-center\" data-align=\"center\"><strong>Sodium-phosphate buffer<\/strong><\/td><td class=\"has-text-align-center\" data-align=\"center\"><strong>Potassium-phosphate buffer<\/strong><\/td><\/tr><tr><td class=\"has-text-align-center\" data-align=\"center\">Disodium phosphate<br>Sodium hydrophosphate <br>pH 5,7 \u2013 8,0<\/td><td class=\"has-text-align-center\" data-align=\"center\">Potassium dihydrophosphate<br>Potassium hydrophosphate <br>pH 5,8 \u2013 8,0<\/td><\/tr><\/tbody><\/table><\/figure>\n\n\n\n<p>Oba bufory posiadaj\u0105 podobn\u0105 obj\u0119to\u015b\u0107 buforow\u0105, jednak ich unikalne w\u0142a\u015bciwo\u015bci mog\u0105 wp\u0142ywa\u0107 na ich zastosowanie.<\/p>\n\n\n\n<h2 class=\"wp-block-heading\">Which phosphate buffer should I choose?<\/h2>\n\n\n\n<p>Both the sodium phosphate buffer and the potassium phosphate buffer have similar pH-maintaining capabilities. Under certain specific conditions, their differing properties may significantly affect the test result or the stability of the system.<\/p>\n\n\n\n<figure class=\"wp-block-table\"><table class=\"has-fixed-layout\"><tbody><tr><td><strong>Property<\/strong><\/td><td><strong>Sodium-phosphate buffer<\/strong><\/td><td><strong>Potassium-phosphate buffer<\/strong><\/td><\/tr><tr><td><strong>Solubility<\/strong><\/td><td>At low temperatures and during freezing, it may precipitate, causing cloudiness and the formation of aggregates.<\/td><td>Better solubility at low temperatures. Does not cause cloudiness or precipitation during freezing.<\/td><\/tr><tr><td><strong>Interaction with SDS<\/strong><\/td><td>Does not react with SDS<\/td><td>Potassium ions react with SDS, leading to precipitation. Many people recommend avoiding this buffer in SDS-PAGE.<\/td><\/tr><tr><td><strong>pH range<\/strong><\/td><td>Effective buffering within the pH range of 5.7\u20138.0. Maximum buffering capacity at pH 6.8.<\/td><td>Effective buffering within the pH range of 5.8\u20138.0. Maximum buffering capacity at pH 6.8.<\/td><\/tr><tr><td><strong>Mobility (CZE)<\/strong><\/td><td>It may cause molecules to migrate more quickly<\/td><td>Slower migration<\/td><\/tr><\/tbody><\/table><\/figure>\n\n\n\n<h2 class=\"wp-block-heading\">How to prepare a sodium-phosphate buffer?<\/h2>\n\n\n\n<p>To prepare a 0.1 M sodium phosphate buffer, you must first prepare 0.2 M solutions of sodium dihydrogen phosphate (V) and sodium hydrogen phosphate (V).<\/p>\n\n\n\n<p><strong>Solution A (0.2 M sodium dihydrogen phosphate, NaH\u2082PO\u2084)<\/strong><\/p>\n\n\n\n<p>Dissolve 27.8 g of NaH\u2082PO\u2084 in 800 ml of water, transfer the solution volumetrically to a 1000 ml measuring flask and make up to the mark.<\/p>\n\n\n\n<p><strong>Solution B (0.2 M sodium hydrogen phosphate, Na\u2082HPO\u2084)<\/strong><\/p>\n\n\n\n<p>Dissolve 53.65 g of Na\u2082HPO\u2084\u00b77H\u2082O or 71.7 g of Na\u2082HPO\u2084\u00b712H\u2082O in 800 ml of water. Transfer to a 1000 ml volumetric flask and make up to the mark.<\/p>\n\n\n\n<p>To obtain a buffer with the correct pH, mix solutions A and B as shown in the table below and make up to a final volume of 200 ml with water.<\/p>\n\n\n\n<figure class=\"wp-block-table\"><table class=\"has-fixed-layout\"><tbody><tr><td>pH<\/td><td>ml solution A (0,2 M NaH2PO4)<\/td><td>ml solution B (0,2 M Na2HPO4)<\/td><\/tr><tr><td>5,7<\/td><td>93,5<\/td><td>6,5<\/td><\/tr><tr><td>5,8<\/td><td>92,0<\/td><td>8,0<\/td><\/tr><tr><td>5,9<\/td><td>90,0<\/td><td>10,0<\/td><\/tr><tr><td>6,0<\/td><td>87,7<\/td><td>12,3<\/td><\/tr><tr><td>6,1<\/td><td>85,0<\/td><td>15,0<\/td><\/tr><tr><td>6,2<\/td><td>81,5<\/td><td>18,5<\/td><\/tr><tr><td>6,3<\/td><td>77,5<\/td><td>22,5<\/td><\/tr><tr><td>6,4<\/td><td>73,5<\/td><td>26,5<\/td><\/tr><tr><td>6,5<\/td><td>68,5<\/td><td>31,5<\/td><\/tr><tr><td>6,6<\/td><td>62,5<\/td><td>37,5<\/td><\/tr><tr><td>6,7<\/td><td>56,5<\/td><td>43,5<\/td><\/tr><tr><td>6,8<\/td><td>51,0<\/td><td>49,0<\/td><\/tr><tr><td>6,9<\/td><td>45,0<\/td><td>55,0<\/td><\/tr><tr><td>7,0<\/td><td>39,0<\/td><td>61,0<\/td><\/tr><tr><td>7,1<\/td><td>33,0<\/td><td>67,0<\/td><\/tr><tr><td>7,2<\/td><td>28,0<\/td><td>72,0<\/td><\/tr><tr><td>7,3<\/td><td>23,0<\/td><td>77,0<\/td><\/tr><tr><td>7,4<\/td><td>19,0<\/td><td>81,0<\/td><\/tr><tr><td>7,5<\/td><td>16,0<\/td><td>84,0<\/td><\/tr><tr><td>7,6<\/td><td>13,0<\/td><td>87,0<\/td><\/tr><tr><td>7,7<\/td><td>10,5<\/td><td>90,5<\/td><\/tr><tr><td>7,8<\/td><td>8,5<\/td><td>91,5<\/td><\/tr><tr><td>7,9<\/td><td>7,0<\/td><td>93,0<\/td><\/tr><tr><td>8,0<\/td><td>5,3<\/td><td>94,7<\/td><\/tr><\/tbody><\/table><\/figure>\n\n\n\n<p>I recommend preparing the buffer fresh and using it within two weeks. Solutions A and B can be stored for longer and used as starting solutions for preparing the working buffer.<\/p>\n\n\n\n<h2 class=\"wp-block-heading\">How to prepare a potassium-phosphate buffer?<\/h2>\n\n\n\n<p>To prepare a 0.1 M potassium phosphate buffer, you must first prepare 0.2 M solutions of potassium dihydrogen phosphate and potassium hydrogen phosphate.<\/p>\n\n\n\n<p><strong>Solution A (0.2 M potassium dihydrogen phosphate, KH\u2082PO\u2084)<\/strong><\/p>\n\n\n\n<p>Dissolve 34.84 g of KH\u2082PO\u2084 in 800 ml of water, transfer the solution by volume to a 1000 ml volumetric flask and make up to the mark.<\/p>\n\n\n\n<p><strong>Solution B (0.2 M potassium hydrogen phosphate, K\u2082HPO\u2084)<\/strong><\/p>\n\n\n\n<p>Dissolve 34.84 g of K\u2082HPO\u2084\u00b73H\u2082O in 800 ml of water. Transfer to a 1000 ml volumetric flask and make up to the mark.<\/p>\n\n\n\n<p>To obtain a buffer with the correct pH, mix solutions A and B as shown in the table below and make up to a final volume of 200 ml with water.<\/p>\n\n\n\n<figure class=\"wp-block-table\"><table class=\"has-fixed-layout\"><tbody><tr><td>pH<\/td><td>ml solution A (0,2 M KH<sub>2<\/sub>PO<sub>4<\/sub>)<\/td><td>ml solution B (0,2 M K<sub>2<\/sub>HPO<sub>4<\/sub>)<\/td><\/tr><tr><td>5.8<\/td><td>8.5<\/td><td>91.5<\/td><\/tr><tr><td>6.0<\/td><td>13.2<\/td><td>86.8<\/td><\/tr><tr><td>6.2<\/td><td>19.2<\/td><td>80.8<\/td><\/tr><tr><td>6.4<\/td><td>27.8<\/td><td>72.2<\/td><\/tr><tr><td>6.6<\/td><td>38.1<\/td><td>61.9<\/td><\/tr><tr><td>6.8<\/td><td>49.7<\/td><td>50.3<\/td><\/tr><tr><td>7.0<\/td><td>61.5<\/td><td>38.5<\/td><\/tr><tr><td>7.2<\/td><td>71.7<\/td><td>28.3<\/td><\/tr><tr><td>7.4<\/td><td>80.2<\/td><td>19.8<\/td><\/tr><tr><td>7.6<\/td><td>86.6<\/td><td>13.4<\/td><\/tr><tr><td>7.8<\/td><td>90.8<\/td><td>9.2<\/td><\/tr><tr><td>8.0<\/td><td>94.0<\/td><td>6.0<\/td><\/tr><\/tbody><\/table><\/figure>\n\n\n\n<p>I recommend preparing the buffer fresh and using it within two weeks. Solutions A and B can be stored for longer and used as starting solutions for preparing the working buffer.<\/p>\n\n\n\n<h2 class=\"wp-block-heading\"><strong>Literature:<\/strong><\/h2>\n\n\n\n<p>Solution calculator: <a href=\"https:\/\/www.sigmaaldrich.com\/PL\/pl\/support\/calculators-and-apps\/buffer-calculator\">https:\/\/www.sigmaaldrich.com\/PL\/pl\/support\/calculators-and-apps\/buffer-calculator<\/a><\/p>\n\n\n\n<p><a href=\"https:\/\/pmc.ncbi.nlm.nih.gov\/articles\/PMC3813289\/#:~:text=SDS%20is%20incompatible%20with%20some,show%20this%20property%20(8).\">https:\/\/pmc.ncbi.nlm.nih.gov\/articles\/PMC3813289\/#:~:text=SDS%20is%20incompatible%20with%20some,show%20this%20property%20(8).<\/a><\/p>\n\n\n\n<p><strong>K\u0142yszejko-Stefanowicz, L. (red.). (2003). <em>\u0106wiczenia z biochemii<\/em>. Wydawnictwo Naukowe PWN.<\/strong><\/p>\n","protected":false},"excerpt":{"rendered":"<p>Phosphate buffer is very commonly used in the laboratory. Its applications range widely, from enzymatic assays to histology. Wherever it is necessary to maintain a&hellip;<\/p>\n","protected":false},"author":1,"featured_media":0,"parent":1523,"menu_order":0,"comment_status":"closed","ping_status":"closed","template":"","meta":{"_sitemap_exclude":false,"_sitemap_priority":"","_sitemap_frequency":"","footnotes":""},"class_list":["post-2233","page","type-page","status-publish","hentry"],"yoast_head":"<!-- This site is optimized with the Yoast SEO plugin v27.5 - https:\/\/yoast.com\/product\/yoast-seo-wordpress\/ -->\n<title>Phosphate buffer - Bioeducator.eu<\/title>\n<meta name=\"description\" content=\"Przepis na bufor fosforanowy. Bufor sodowo fosforanowy, potasowo - fosforanowy. Zastosowanie, r\u00f3\u017cnice, przepis.\" \/>\n<meta name=\"robots\" content=\"index, follow, max-snippet:-1, max-image-preview:large, max-video-preview:-1\" \/>\n<link rel=\"canonical\" href=\"https:\/\/bioeducator.eu\/?page_id=2233&lang=en\" \/>\n<meta property=\"og:locale\" content=\"pl_PL\" \/>\n<meta property=\"og:type\" content=\"article\" \/>\n<meta property=\"og:title\" content=\"Phosphate buffer - Bioeducator.eu\" \/>\n<meta property=\"og:description\" content=\"Przepis na bufor fosforanowy. Bufor sodowo fosforanowy, potasowo - fosforanowy. Zastosowanie, r\u00f3\u017cnice, przepis.\" \/>\n<meta property=\"og:url\" content=\"https:\/\/bioeducator.eu\/?page_id=2233&amp;lang=en\" \/>\n<meta property=\"og:site_name\" content=\"Bioeducator.eu\" \/>\n<meta property=\"article:modified_time\" content=\"2026-05-04T13:27:04+00:00\" \/>\n<meta name=\"twitter:card\" content=\"summary_large_image\" \/>\n<meta name=\"twitter:label1\" content=\"Szacowany czas czytania\" \/>\n\t<meta name=\"twitter:data1\" content=\"5 minut\" \/>\n<script type=\"application\/ld+json\" class=\"yoast-schema-graph\">{\"@context\":\"https:\\\/\\\/schema.org\",\"@graph\":[{\"@type\":\"WebPage\",\"@id\":\"https:\\\/\\\/bioeducator.eu\\\/?page_id=2233&lang=en\",\"url\":\"https:\\\/\\\/bioeducator.eu\\\/?page_id=2233&lang=en\",\"name\":\"Phosphate buffer - Bioeducator.eu\",\"isPartOf\":{\"@id\":\"https:\\\/\\\/bioeducator.eu\\\/#website\"},\"datePublished\":\"2026-05-04T13:27:02+00:00\",\"dateModified\":\"2026-05-04T13:27:04+00:00\",\"description\":\"Przepis na bufor fosforanowy. Bufor sodowo fosforanowy, potasowo - fosforanowy. Zastosowanie, r\u00f3\u017cnice, przepis.\",\"breadcrumb\":{\"@id\":\"https:\\\/\\\/bioeducator.eu\\\/?page_id=2233&lang=en#breadcrumb\"},\"inLanguage\":\"pl-PL\",\"potentialAction\":[{\"@type\":\"ReadAction\",\"target\":[\"https:\\\/\\\/bioeducator.eu\\\/?page_id=2233&lang=en\"]}]},{\"@type\":\"BreadcrumbList\",\"@id\":\"https:\\\/\\\/bioeducator.eu\\\/?page_id=2233&lang=en#breadcrumb\",\"itemListElement\":[{\"@type\":\"ListItem\",\"position\":1,\"name\":\"Strona g\u0142\u00f3wna\",\"item\":\"https:\\\/\\\/bioeducator.eu\\\/\"},{\"@type\":\"ListItem\",\"position\":2,\"name\":\"Bioeducator &#8211; English\",\"item\":\"https:\\\/\\\/bioeducator.eu\\\/?page_id=590&lang=en\"},{\"@type\":\"ListItem\",\"position\":3,\"name\":\"Baza wiedzy\",\"item\":\"https:\\\/\\\/bioeducator.eu\\\/?page_id=1523&lang=en\"},{\"@type\":\"ListItem\",\"position\":4,\"name\":\"Phosphate buffer\"}]},{\"@type\":\"WebSite\",\"@id\":\"https:\\\/\\\/bioeducator.eu\\\/#website\",\"url\":\"https:\\\/\\\/bioeducator.eu\\\/\",\"name\":\"Bioeducator.eu\",\"description\":\"\",\"publisher\":{\"@id\":\"https:\\\/\\\/bioeducator.eu\\\/#organization\"},\"potentialAction\":[{\"@type\":\"SearchAction\",\"target\":{\"@type\":\"EntryPoint\",\"urlTemplate\":\"https:\\\/\\\/bioeducator.eu\\\/?s={search_term_string}\"},\"query-input\":{\"@type\":\"PropertyValueSpecification\",\"valueRequired\":true,\"valueName\":\"search_term_string\"}}],\"inLanguage\":\"pl-PL\"},{\"@type\":\"Organization\",\"@id\":\"https:\\\/\\\/bioeducator.eu\\\/#organization\",\"name\":\"Bioeducator.eu\",\"url\":\"https:\\\/\\\/bioeducator.eu\\\/\",\"logo\":{\"@type\":\"ImageObject\",\"inLanguage\":\"pl-PL\",\"@id\":\"https:\\\/\\\/bioeducator.eu\\\/#\\\/schema\\\/logo\\\/image\\\/\",\"url\":\"https:\\\/\\\/bioeducator.eu\\\/wp-content\\\/uploads\\\/2025\\\/03\\\/Bioeducator_logo_poziom.png\",\"contentUrl\":\"https:\\\/\\\/bioeducator.eu\\\/wp-content\\\/uploads\\\/2025\\\/03\\\/Bioeducator_logo_poziom.png\",\"width\":3910,\"height\":935,\"caption\":\"Bioeducator.eu\"},\"image\":{\"@id\":\"https:\\\/\\\/bioeducator.eu\\\/#\\\/schema\\\/logo\\\/image\\\/\"}}]}<\/script>\n<!-- \/ Yoast SEO plugin. -->","yoast_head_json":{"title":"Phosphate buffer - Bioeducator.eu","description":"Przepis na bufor fosforanowy. Bufor sodowo fosforanowy, potasowo - fosforanowy. Zastosowanie, r\u00f3\u017cnice, przepis.","robots":{"index":"index","follow":"follow","max-snippet":"max-snippet:-1","max-image-preview":"max-image-preview:large","max-video-preview":"max-video-preview:-1"},"canonical":"https:\/\/bioeducator.eu\/?page_id=2233&lang=en","og_locale":"pl_PL","og_type":"article","og_title":"Phosphate buffer - Bioeducator.eu","og_description":"Przepis na bufor fosforanowy. Bufor sodowo fosforanowy, potasowo - fosforanowy. Zastosowanie, r\u00f3\u017cnice, przepis.","og_url":"https:\/\/bioeducator.eu\/?page_id=2233&lang=en","og_site_name":"Bioeducator.eu","article_modified_time":"2026-05-04T13:27:04+00:00","twitter_card":"summary_large_image","twitter_misc":{"Szacowany czas czytania":"5 minut"},"schema":{"@context":"https:\/\/schema.org","@graph":[{"@type":"WebPage","@id":"https:\/\/bioeducator.eu\/?page_id=2233&lang=en","url":"https:\/\/bioeducator.eu\/?page_id=2233&lang=en","name":"Phosphate buffer - Bioeducator.eu","isPartOf":{"@id":"https:\/\/bioeducator.eu\/#website"},"datePublished":"2026-05-04T13:27:02+00:00","dateModified":"2026-05-04T13:27:04+00:00","description":"Przepis na bufor fosforanowy. Bufor sodowo fosforanowy, potasowo - fosforanowy. Zastosowanie, r\u00f3\u017cnice, przepis.","breadcrumb":{"@id":"https:\/\/bioeducator.eu\/?page_id=2233&lang=en#breadcrumb"},"inLanguage":"pl-PL","potentialAction":[{"@type":"ReadAction","target":["https:\/\/bioeducator.eu\/?page_id=2233&lang=en"]}]},{"@type":"BreadcrumbList","@id":"https:\/\/bioeducator.eu\/?page_id=2233&lang=en#breadcrumb","itemListElement":[{"@type":"ListItem","position":1,"name":"Strona g\u0142\u00f3wna","item":"https:\/\/bioeducator.eu\/"},{"@type":"ListItem","position":2,"name":"Bioeducator &#8211; English","item":"https:\/\/bioeducator.eu\/?page_id=590&lang=en"},{"@type":"ListItem","position":3,"name":"Baza wiedzy","item":"https:\/\/bioeducator.eu\/?page_id=1523&lang=en"},{"@type":"ListItem","position":4,"name":"Phosphate buffer"}]},{"@type":"WebSite","@id":"https:\/\/bioeducator.eu\/#website","url":"https:\/\/bioeducator.eu\/","name":"Bioeducator.eu","description":"","publisher":{"@id":"https:\/\/bioeducator.eu\/#organization"},"potentialAction":[{"@type":"SearchAction","target":{"@type":"EntryPoint","urlTemplate":"https:\/\/bioeducator.eu\/?s={search_term_string}"},"query-input":{"@type":"PropertyValueSpecification","valueRequired":true,"valueName":"search_term_string"}}],"inLanguage":"pl-PL"},{"@type":"Organization","@id":"https:\/\/bioeducator.eu\/#organization","name":"Bioeducator.eu","url":"https:\/\/bioeducator.eu\/","logo":{"@type":"ImageObject","inLanguage":"pl-PL","@id":"https:\/\/bioeducator.eu\/#\/schema\/logo\/image\/","url":"https:\/\/bioeducator.eu\/wp-content\/uploads\/2025\/03\/Bioeducator_logo_poziom.png","contentUrl":"https:\/\/bioeducator.eu\/wp-content\/uploads\/2025\/03\/Bioeducator_logo_poziom.png","width":3910,"height":935,"caption":"Bioeducator.eu"},"image":{"@id":"https:\/\/bioeducator.eu\/#\/schema\/logo\/image\/"}}]}},"_links":{"self":[{"href":"https:\/\/bioeducator.eu\/index.php?rest_route=\/wp\/v2\/pages\/2233","targetHints":{"allow":["GET"]}}],"collection":[{"href":"https:\/\/bioeducator.eu\/index.php?rest_route=\/wp\/v2\/pages"}],"about":[{"href":"https:\/\/bioeducator.eu\/index.php?rest_route=\/wp\/v2\/types\/page"}],"author":[{"embeddable":true,"href":"https:\/\/bioeducator.eu\/index.php?rest_route=\/wp\/v2\/users\/1"}],"replies":[{"embeddable":true,"href":"https:\/\/bioeducator.eu\/index.php?rest_route=%2Fwp%2Fv2%2Fcomments&post=2233"}],"version-history":[{"count":1,"href":"https:\/\/bioeducator.eu\/index.php?rest_route=\/wp\/v2\/pages\/2233\/revisions"}],"predecessor-version":[{"id":2234,"href":"https:\/\/bioeducator.eu\/index.php?rest_route=\/wp\/v2\/pages\/2233\/revisions\/2234"}],"up":[{"embeddable":true,"href":"https:\/\/bioeducator.eu\/index.php?rest_route=\/wp\/v2\/pages\/1523"}],"wp:attachment":[{"href":"https:\/\/bioeducator.eu\/index.php?rest_route=%2Fwp%2Fv2%2Fmedia&parent=2233"}],"curies":[{"name":"wp","href":"https:\/\/api.w.org\/{rel}","templated":true}]}}