{"id":1215,"date":"2023-02-20T22:27:34","date_gmt":"2023-02-20T21:27:34","guid":{"rendered":"https:\/\/bioeducator.eu\/?page_id=1215"},"modified":"2026-02-13T14:04:01","modified_gmt":"2026-02-13T13:04:01","slug":"szkolenie-walidacja-arkuszy-obliczeniowych","status":"publish","type":"page","link":"https:\/\/bioeducator.eu\/?page_id=1215","title":{"rendered":"Szkolenie &#8222;Walidacja arkuszy obliczeniowych&#8221;"},"content":{"rendered":"\n<div class=\"wp-block-media-text alignwide has-media-on-the-right is-stacked-on-mobile is-image-fill-element\" style=\"grid-template-columns:auto 45%\"><div class=\"wp-block-media-text__content\">\n<p>By zagwarantowa\u0107 integralno\u015b\u0107 danych obliczanych w arkuszu obliczeniowym wykonuje si\u0119 walidacj\u0119 arkuszy obliczeniowych. Jest to proces, w kt\u00f3rym testujemy arkusz obliczeniowy i kwalifikujemy go do wyznaczonego celu.<\/p>\n\n\n\n<p>Zwalidowany arkusz obliczeniowy mo\u017ce by\u0107 wykorzystywany do rutynowych oblicze\u0144 i raportowania wynik\u00f3w.<\/p>\n\n\n\n<p>Celem szkolenia jest praktyczne zapoznanie si\u0119 z tworzeniem i walidacj\u0105 arkuszy obliczeniowych. Uczestnicy zaplanuj\u0105 i przeprowadz\u0105 walidacj\u0119 przygotowanych arkuszy oraz przygotuj\u0105 dokumentacj\u0119 walidacji.&nbsp;<\/p>\n\n\n\n<p>Szkolenie trwa dwa dni robocze.<\/p>\n\n\n\n<h2 class=\"wp-block-heading\">Dla kogo?<\/h2>\n\n\n\n<p>Pracownicy laboratori\u00f3w, pracownicy zespo\u0142\u00f3w zapewnienia jako\u015bci, Menad\u017cerowie, Studenci, Pracownicy uczelni<\/p>\n\n\n\n<h2 class=\"wp-block-heading\">Zakres szkolenia<\/h2>\n\n\n\n<ul class=\"wp-block-list\">\n<li>CFR 21 p. 11 &#8211; systemy skomputeryzowane<\/li>\n\n\n\n<li>GAMP5<\/li>\n\n\n\n<li>Podej\u015bcia do walidacji arkuszy obliczeniowych<\/li>\n\n\n\n<li>Tworzenie automatycznych arkuszy<\/li>\n\n\n\n<li>Tworzenie raport\u00f3w<\/li>\n\n\n\n<li>Specyfikacja u\u017cytkownika arkusza obliczeniowego<\/li>\n\n\n\n<li>Protok\u00f3\u0142 walidacji<\/li>\n\n\n\n<li>Prowadzenie i dokumentacja walidacji arkusza obliczeniowego<\/li>\n\n\n\n<li>Blokowanie kom\u00f3rek i zabezpieczanie arkusza<\/li>\n\n\n\n<li>Makra a walidacja arkusza<\/li>\n<\/ul>\n\n\n\n<h2 class=\"wp-block-heading\">Dost\u0119pne daty<\/h2>\n\n\n\n<ul class=\"wp-block-list\">\n<li><strong><a href=\"https:\/\/bioeducator.eu\/?page_id=481\">22 &#8211; 23.06.2026 &#8211; zarejestruj si\u0119<\/a><\/strong><\/li>\n<\/ul>\n<\/div><figure class=\"wp-block-media-text__media\"><img loading=\"lazy\" decoding=\"async\" width=\"1024\" height=\"1024\" src=\"https:\/\/bioeducator.eu\/wp-content\/uploads\/2023\/02\/lukas-blazek-mcSDtbWXUZU-unsplash-edited-1024x1024.jpg\" alt=\"walidacja arkuszy obliczeniowych\" class=\"wp-image-1200 size-full\" style=\"object-position:50% 50%\" srcset=\"https:\/\/bioeducator.eu\/wp-content\/uploads\/2023\/02\/lukas-blazek-mcSDtbWXUZU-unsplash-edited-1024x1024.jpg 1024w, https:\/\/bioeducator.eu\/wp-content\/uploads\/2023\/02\/lukas-blazek-mcSDtbWXUZU-unsplash-edited-300x300.jpg 300w, https:\/\/bioeducator.eu\/wp-content\/uploads\/2023\/02\/lukas-blazek-mcSDtbWXUZU-unsplash-edited-150x150.jpg 150w, https:\/\/bioeducator.eu\/wp-content\/uploads\/2023\/02\/lukas-blazek-mcSDtbWXUZU-unsplash-edited-768x768.jpg 768w, https:\/\/bioeducator.eu\/wp-content\/uploads\/2023\/02\/lukas-blazek-mcSDtbWXUZU-unsplash-edited-1536x1536.jpg 1536w, https:\/\/bioeducator.eu\/wp-content\/uploads\/2023\/02\/lukas-blazek-mcSDtbWXUZU-unsplash-edited-2048x2048.jpg 2048w\" sizes=\"auto, (max-width: 1024px) 100vw, 1024px\" \/><\/figure><\/div>\n\n\n\n<p><\/p>\n\n\n\n<div class=\"wp-block-buttons is-content-justification-center is-layout-flex wp-container-core-buttons-is-layout-16018d1d wp-block-buttons-is-layout-flex\">\n<div class=\"wp-block-button\"><a class=\"wp-block-button__link wp-element-button\" href=\"https:\/\/bioeducator.eu\/?page_id=103\">Powr\u00f3t do szkole\u0144<\/a><\/div>\n<\/div>\n\n\n\n<hr class=\"wp-block-separator has-alpha-channel-opacity\"\/>\n\n\n\n<h2 class=\"wp-block-heading\">Nadchodz\u0105ce szkolenia<\/h2>\n\n\n\n<div class=\"mec-wrap mec-skin-carousel-container \" id=\"mec_skin_295\">\r\n        <div class=\"mec-skin-carousel-events-container\" id=\"mec_skin_events_295\">\r\n        <div class=\"mec-wrap \">\r\n    <div class=\"mec-event-carousel-type1\">\r\n                <div class='mec-owl-crousel-skin-type1 mec-owl-carousel mec-owl-theme'>\r\n                        <article class=\"mec-event-article  mec-clear \" itemscope>\r\n                                        <div class=\"event-carousel-type1-head clearfix\">\r\n                    <div class=\"mec-event-date mec-color\">\r\n                        <div class=\"mec-event-image\">\r\n                            <a   data-event-id=\"1774\" href=\"https:\/\/bioeducator.eu\/?page_id=1017\" target=\"_blank\" rel=\"noopener\"><img loading=\"lazy\" decoding=\"async\" width=\"474\" height=\"324\" src=\"https:\/\/bioeducator.eu\/wp-content\/uploads\/2023\/02\/teachers-5499190_1920-edited-474x324.jpg\" class=\"attachment-meccarouselthumb size-meccarouselthumb wp-post-image\" alt=\"Analytical Method Lifecycle\" data-mec-postid=\"1774\" \/><\/a>                                                    <\/div>\r\n                        <div class=\"mec-event-date-carousel\">\r\n                            <span class=\"mec-start-date-label\" itemprop=\"startDate\">08<\/span>                            <div class=\"mec-event-date-info\"><span class=\"mec-start-date-label\" itemprop=\"startDate\">czerwiec<\/span><\/div>\r\n                            <div class=\"mec-event-date-info-year\">2026<\/div>\r\n                        <\/div>\r\n                    <\/div>\r\n                <\/div>\r\n                <div class=\"mec-event-carousel-content\">\r\n                                        <h4 class=\"mec-event-carousel-title\"><a class=\"mec-color-hover\"  data-event-id=\"1774\" href=\"https:\/\/bioeducator.eu\/?page_id=1017\" target=\"_blank\" rel=\"noopener\">Walidacja metod analitycznych<\/a><\/h4>\r\n                                        <p class=\"mec-carousel-event-location\"><span><\/p>\r\n                                                        <\/div>\r\n                            <\/article>\r\n                                    <article class=\"mec-event-article  mec-clear \" itemscope>\r\n                                        <div class=\"event-carousel-type1-head clearfix\">\r\n                    <div class=\"mec-event-date mec-color\">\r\n                        <div class=\"mec-event-image\">\r\n                            <a   data-event-id=\"1796\" href=\"https:\/\/bioeducator.eu\/?page_id=1791\" target=\"_blank\" rel=\"noopener\"><img loading=\"lazy\" decoding=\"async\" width=\"474\" height=\"324\" src=\"https:\/\/bioeducator.eu\/wp-content\/uploads\/2023\/02\/louis-reed-pwcKF7L4-no-unsplash-edited-474x324.jpg\" class=\"attachment-meccarouselthumb size-meccarouselthumb wp-post-image\" alt=\"testy cytotoksyczno\u015bci\" data-mec-postid=\"1796\" \/><\/a>                                                    <\/div>\r\n                        <div class=\"mec-event-date-carousel\">\r\n                            <span class=\"mec-start-date-label\" itemprop=\"startDate\">15<\/span>                            <div class=\"mec-event-date-info\"><span class=\"mec-start-date-label\" itemprop=\"startDate\">czerwiec<\/span><\/div>\r\n                            <div class=\"mec-event-date-info-year\">2026<\/div>\r\n                        <\/div>\r\n                    <\/div>\r\n                <\/div>\r\n                <div class=\"mec-event-carousel-content\">\r\n                                        <h4 class=\"mec-event-carousel-title\"><a class=\"mec-color-hover\"  data-event-id=\"1796\" href=\"https:\/\/bioeducator.eu\/?page_id=1791\" target=\"_blank\" rel=\"noopener\">Walidacja metod bioanalitycznych<\/a><\/h4>\r\n                                        <p class=\"mec-carousel-event-location\"><span><\/p>\r\n                                                        <\/div>\r\n                            <\/article>\r\n                                    <article class=\"mec-event-article mec-multiple-event mec-clear \" itemscope>\r\n                                        <div class=\"event-carousel-type1-head clearfix\">\r\n                    <div class=\"mec-event-date mec-color\">\r\n                        <div class=\"mec-event-image\">\r\n                            <a   data-event-id=\"2036\" href=\"https:\/\/bioeducator.eu\/?page_id=481\" target=\"_blank\" rel=\"noopener\"><img loading=\"lazy\" decoding=\"async\" width=\"474\" height=\"324\" src=\"https:\/\/bioeducator.eu\/wp-content\/uploads\/2023\/02\/lukas-blazek-mcSDtbWXUZU-unsplash-edited-474x324.jpg\" class=\"attachment-meccarouselthumb size-meccarouselthumb wp-post-image\" alt=\"walidacja arkuszy obliczeniowych\" data-mec-postid=\"2036\" \/><\/a>                                                    <\/div>\r\n                        <div class=\"mec-event-date-carousel\">\r\n                            <span class=\"mec-start-date-label\" itemprop=\"startDate\">22 - 23<\/span>                            <div class=\"mec-event-date-info\"><span class=\"mec-start-date-label\" itemprop=\"startDate\">czerwiec<\/span><\/div>\r\n                            <div class=\"mec-event-date-info-year\">2026<\/div>\r\n                        <\/div>\r\n                    <\/div>\r\n                <\/div>\r\n                <div class=\"mec-event-carousel-content\">\r\n                                        <h4 class=\"mec-event-carousel-title\"><a class=\"mec-color-hover\"  data-event-id=\"2036\" href=\"https:\/\/bioeducator.eu\/?page_id=481\" target=\"_blank\" rel=\"noopener\">Szkolenie online: Walidacja arkuszy obliczeniowych<\/a><\/h4>\r\n                                        <p class=\"mec-carousel-event-location\"><span><\/p>\r\n                                                        <\/div>\r\n                            <\/article>\r\n                                    <article class=\"mec-event-article  mec-clear \" itemscope>\r\n                                        <div class=\"event-carousel-type1-head clearfix\">\r\n                    <div class=\"mec-event-date mec-color\">\r\n                        <div class=\"mec-event-image\">\r\n                            <a   data-event-id=\"2231\" href=\"https:\/\/bioeducator.eu\/?page_id=1380\" target=\"_blank\" rel=\"noopener\"><img loading=\"lazy\" decoding=\"async\" width=\"474\" height=\"324\" src=\"https:\/\/bioeducator.eu\/wp-content\/uploads\/2022\/01\/national-cancer-institute-fd0b-Bl4cFc-unsplash-474x324.jpg\" class=\"attachment-meccarouselthumb size-meccarouselthumb wp-post-image\" alt=\"\" data-mec-postid=\"2231\" \/><\/a>                                                    <\/div>\r\n                        <div class=\"mec-event-date-carousel\">\r\n                            <span class=\"mec-start-date-label\" itemprop=\"startDate\">29<\/span>                            <div class=\"mec-event-date-info\"><span class=\"mec-start-date-label\" itemprop=\"startDate\">czerwiec<\/span><\/div>\r\n                            <div class=\"mec-event-date-info-year\">2026<\/div>\r\n                        <\/div>\r\n                    <\/div>\r\n                <\/div>\r\n                <div class=\"mec-event-carousel-content\">\r\n                                        <h4 class=\"mec-event-carousel-title\"><a class=\"mec-color-hover\"  data-event-id=\"2231\" href=\"https:\/\/bioeducator.eu\/?page_id=1380\" target=\"_blank\" rel=\"noopener\">Transfer metod analitycznych<\/a><\/h4>\r\n                                        <p class=\"mec-carousel-event-location\"><span><\/p>\r\n                                                        <\/div>\r\n                            <\/article>\r\n                                <\/div>\r\n        \t<\/div>\r\n<\/div>    <\/div>\r\n    <\/div>\n","protected":false},"excerpt":{"rendered":"<p>Nadchodz\u0105ce szkolenia<\/p>\n","protected":false},"author":1,"featured_media":229,"parent":103,"menu_order":-2,"comment_status":"closed","ping_status":"closed","template":"","meta":{"_sitemap_exclude":false,"_sitemap_priority":"","_sitemap_frequency":"","footnotes":""},"class_list":["post-1215","page","type-page","status-publish","has-post-thumbnail","hentry"],"yoast_head":"<!-- This site is optimized with the Yoast SEO plugin v27.0 - https:\/\/yoast.com\/product\/yoast-seo-wordpress\/ -->\n<title>Szkolenie &quot;Walidacja arkuszy obliczeniowych&quot; - Bioeducator.eu<\/title>\n<meta name=\"description\" content=\"Szkolenie walidacja arkuszy obliczeniowych. CFR 21 p. 11, GAMP5, tworzenie arkuszy, dokumentacja, testowanie arkusza, zabezpieczanie arkusza\" \/>\n<meta name=\"robots\" content=\"index, follow, max-snippet:-1, max-image-preview:large, max-video-preview:-1\" \/>\n<link rel=\"canonical\" href=\"https:\/\/bioeducator.eu\/?page_id=1215\" \/>\n<meta property=\"og:locale\" content=\"pl_PL\" \/>\n<meta property=\"og:type\" content=\"article\" \/>\n<meta property=\"og:title\" content=\"Szkolenie &quot;Walidacja arkuszy obliczeniowych&quot; - Bioeducator.eu\" \/>\n<meta property=\"og:description\" content=\"Szkolenie walidacja arkuszy obliczeniowych. CFR 21 p. 11, GAMP5, tworzenie arkuszy, dokumentacja, testowanie arkusza, zabezpieczanie arkusza\" \/>\n<meta property=\"og:url\" content=\"https:\/\/bioeducator.eu\/?page_id=1215\" \/>\n<meta property=\"og:site_name\" content=\"Bioeducator.eu\" \/>\n<meta property=\"article:modified_time\" content=\"2026-02-13T13:04:01+00:00\" \/>\n<meta property=\"og:image\" content=\"https:\/\/bioeducator.eu\/wp-content\/uploads\/2022\/01\/lukas-blazek-mcSDtbWXUZU-unsplash-scaled.jpg\" \/>\n\t<meta property=\"og:image:width\" content=\"2560\" \/>\n\t<meta property=\"og:image:height\" content=\"1695\" \/>\n\t<meta property=\"og:image:type\" content=\"image\/jpeg\" \/>\n<meta name=\"twitter:card\" content=\"summary_large_image\" \/>\n<meta name=\"twitter:title\" content=\"Szkolenie &quot;Walidacja arkuszy obliczeniowych&quot; - Bioeducator.eu\" \/>\n<meta name=\"twitter:description\" content=\"Szkolenie walidacja arkuszy obliczeniowych. CFR 21 p. 11, GAMP5, tworzenie arkuszy, dokumentacja, testowanie arkusza, zabezpieczanie arkusza\" \/>\n<meta name=\"twitter:image\" content=\"https:\/\/bioeducator.eu\/wp-content\/uploads\/2022\/01\/lukas-blazek-mcSDtbWXUZU-unsplash-scaled.jpg\" \/>\n<meta name=\"twitter:label1\" content=\"Szacowany czas czytania\" \/>\n\t<meta name=\"twitter:data1\" content=\"2 minuty\" \/>\n<script type=\"application\/ld+json\" class=\"yoast-schema-graph\">{\"@context\":\"https:\/\/schema.org\",\"@graph\":[{\"@type\":\"WebPage\",\"@id\":\"https:\/\/bioeducator.eu\/?page_id=1215\",\"url\":\"https:\/\/bioeducator.eu\/?page_id=1215\",\"name\":\"Szkolenie \\\"Walidacja arkuszy obliczeniowych\\\" - Bioeducator.eu\",\"isPartOf\":{\"@id\":\"https:\/\/bioeducator.eu\/#website\"},\"primaryImageOfPage\":{\"@id\":\"https:\/\/bioeducator.eu\/?page_id=1215#primaryimage\"},\"image\":{\"@id\":\"https:\/\/bioeducator.eu\/?page_id=1215#primaryimage\"},\"thumbnailUrl\":\"https:\/\/bioeducator.eu\/wp-content\/uploads\/2022\/01\/lukas-blazek-mcSDtbWXUZU-unsplash-scaled.jpg\",\"datePublished\":\"2023-02-20T21:27:34+00:00\",\"dateModified\":\"2026-02-13T13:04:01+00:00\",\"description\":\"Szkolenie walidacja arkuszy obliczeniowych. CFR 21 p. 11, GAMP5, tworzenie arkuszy, dokumentacja, testowanie arkusza, zabezpieczanie arkusza\",\"breadcrumb\":{\"@id\":\"https:\/\/bioeducator.eu\/?page_id=1215#breadcrumb\"},\"inLanguage\":\"pl-PL\",\"potentialAction\":[{\"@type\":\"ReadAction\",\"target\":[\"https:\/\/bioeducator.eu\/?page_id=1215\"]}]},{\"@type\":\"ImageObject\",\"inLanguage\":\"pl-PL\",\"@id\":\"https:\/\/bioeducator.eu\/?page_id=1215#primaryimage\",\"url\":\"https:\/\/bioeducator.eu\/wp-content\/uploads\/2022\/01\/lukas-blazek-mcSDtbWXUZU-unsplash-scaled.jpg\",\"contentUrl\":\"https:\/\/bioeducator.eu\/wp-content\/uploads\/2022\/01\/lukas-blazek-mcSDtbWXUZU-unsplash-scaled.jpg\",\"width\":2560,\"height\":1695,\"caption\":\"walidacja arkuszy obliczeniowych\"},{\"@type\":\"BreadcrumbList\",\"@id\":\"https:\/\/bioeducator.eu\/?page_id=1215#breadcrumb\",\"itemListElement\":[{\"@type\":\"ListItem\",\"position\":1,\"name\":\"Strona g\u0142\u00f3wna\",\"item\":\"https:\/\/bioeducator.eu\/\"},{\"@type\":\"ListItem\",\"position\":2,\"name\":\"Bioeducator\",\"item\":\"https:\/\/bioeducator.eu\/\"},{\"@type\":\"ListItem\",\"position\":3,\"name\":\"Szkolenia\",\"item\":\"https:\/\/bioeducator.eu\/?page_id=103\"},{\"@type\":\"ListItem\",\"position\":4,\"name\":\"Szkolenie &#8222;Walidacja arkuszy obliczeniowych&#8221;\"}]},{\"@type\":\"WebSite\",\"@id\":\"https:\/\/bioeducator.eu\/#website\",\"url\":\"https:\/\/bioeducator.eu\/\",\"name\":\"Bioeducator.eu\",\"description\":\"\",\"publisher\":{\"@id\":\"https:\/\/bioeducator.eu\/#organization\"},\"potentialAction\":[{\"@type\":\"SearchAction\",\"target\":{\"@type\":\"EntryPoint\",\"urlTemplate\":\"https:\/\/bioeducator.eu\/?s={search_term_string}\"},\"query-input\":{\"@type\":\"PropertyValueSpecification\",\"valueRequired\":true,\"valueName\":\"search_term_string\"}}],\"inLanguage\":\"pl-PL\"},{\"@type\":\"Organization\",\"@id\":\"https:\/\/bioeducator.eu\/#organization\",\"name\":\"Bioeducator.eu\",\"url\":\"https:\/\/bioeducator.eu\/\",\"logo\":{\"@type\":\"ImageObject\",\"inLanguage\":\"pl-PL\",\"@id\":\"https:\/\/bioeducator.eu\/#\/schema\/logo\/image\/\",\"url\":\"https:\/\/bioeducator.eu\/wp-content\/uploads\/2025\/03\/Bioeducator_logo_poziom.png\",\"contentUrl\":\"https:\/\/bioeducator.eu\/wp-content\/uploads\/2025\/03\/Bioeducator_logo_poziom.png\",\"width\":3910,\"height\":935,\"caption\":\"Bioeducator.eu\"},\"image\":{\"@id\":\"https:\/\/bioeducator.eu\/#\/schema\/logo\/image\/\"}}]}<\/script>\n<!-- \/ Yoast SEO plugin. -->","yoast_head_json":{"title":"Szkolenie \"Walidacja arkuszy obliczeniowych\" - Bioeducator.eu","description":"Szkolenie walidacja arkuszy obliczeniowych. CFR 21 p. 11, GAMP5, tworzenie arkuszy, dokumentacja, testowanie arkusza, zabezpieczanie arkusza","robots":{"index":"index","follow":"follow","max-snippet":"max-snippet:-1","max-image-preview":"max-image-preview:large","max-video-preview":"max-video-preview:-1"},"canonical":"https:\/\/bioeducator.eu\/?page_id=1215","og_locale":"pl_PL","og_type":"article","og_title":"Szkolenie \"Walidacja arkuszy obliczeniowych\" - Bioeducator.eu","og_description":"Szkolenie walidacja arkuszy obliczeniowych. CFR 21 p. 11, GAMP5, tworzenie arkuszy, dokumentacja, testowanie arkusza, zabezpieczanie arkusza","og_url":"https:\/\/bioeducator.eu\/?page_id=1215","og_site_name":"Bioeducator.eu","article_modified_time":"2026-02-13T13:04:01+00:00","og_image":[{"width":2560,"height":1695,"url":"https:\/\/bioeducator.eu\/wp-content\/uploads\/2022\/01\/lukas-blazek-mcSDtbWXUZU-unsplash-scaled.jpg","type":"image\/jpeg"}],"twitter_card":"summary_large_image","twitter_title":"Szkolenie \"Walidacja arkuszy obliczeniowych\" - Bioeducator.eu","twitter_description":"Szkolenie walidacja arkuszy obliczeniowych. CFR 21 p. 11, GAMP5, tworzenie arkuszy, dokumentacja, testowanie arkusza, zabezpieczanie arkusza","twitter_image":"https:\/\/bioeducator.eu\/wp-content\/uploads\/2022\/01\/lukas-blazek-mcSDtbWXUZU-unsplash-scaled.jpg","twitter_misc":{"Szacowany czas czytania":"2 minuty"},"schema":{"@context":"https:\/\/schema.org","@graph":[{"@type":"WebPage","@id":"https:\/\/bioeducator.eu\/?page_id=1215","url":"https:\/\/bioeducator.eu\/?page_id=1215","name":"Szkolenie \"Walidacja arkuszy obliczeniowych\" - Bioeducator.eu","isPartOf":{"@id":"https:\/\/bioeducator.eu\/#website"},"primaryImageOfPage":{"@id":"https:\/\/bioeducator.eu\/?page_id=1215#primaryimage"},"image":{"@id":"https:\/\/bioeducator.eu\/?page_id=1215#primaryimage"},"thumbnailUrl":"https:\/\/bioeducator.eu\/wp-content\/uploads\/2022\/01\/lukas-blazek-mcSDtbWXUZU-unsplash-scaled.jpg","datePublished":"2023-02-20T21:27:34+00:00","dateModified":"2026-02-13T13:04:01+00:00","description":"Szkolenie walidacja arkuszy obliczeniowych. CFR 21 p. 11, GAMP5, tworzenie arkuszy, dokumentacja, testowanie arkusza, zabezpieczanie arkusza","breadcrumb":{"@id":"https:\/\/bioeducator.eu\/?page_id=1215#breadcrumb"},"inLanguage":"pl-PL","potentialAction":[{"@type":"ReadAction","target":["https:\/\/bioeducator.eu\/?page_id=1215"]}]},{"@type":"ImageObject","inLanguage":"pl-PL","@id":"https:\/\/bioeducator.eu\/?page_id=1215#primaryimage","url":"https:\/\/bioeducator.eu\/wp-content\/uploads\/2022\/01\/lukas-blazek-mcSDtbWXUZU-unsplash-scaled.jpg","contentUrl":"https:\/\/bioeducator.eu\/wp-content\/uploads\/2022\/01\/lukas-blazek-mcSDtbWXUZU-unsplash-scaled.jpg","width":2560,"height":1695,"caption":"walidacja arkuszy obliczeniowych"},{"@type":"BreadcrumbList","@id":"https:\/\/bioeducator.eu\/?page_id=1215#breadcrumb","itemListElement":[{"@type":"ListItem","position":1,"name":"Strona g\u0142\u00f3wna","item":"https:\/\/bioeducator.eu\/"},{"@type":"ListItem","position":2,"name":"Bioeducator","item":"https:\/\/bioeducator.eu\/"},{"@type":"ListItem","position":3,"name":"Szkolenia","item":"https:\/\/bioeducator.eu\/?page_id=103"},{"@type":"ListItem","position":4,"name":"Szkolenie &#8222;Walidacja arkuszy obliczeniowych&#8221;"}]},{"@type":"WebSite","@id":"https:\/\/bioeducator.eu\/#website","url":"https:\/\/bioeducator.eu\/","name":"Bioeducator.eu","description":"","publisher":{"@id":"https:\/\/bioeducator.eu\/#organization"},"potentialAction":[{"@type":"SearchAction","target":{"@type":"EntryPoint","urlTemplate":"https:\/\/bioeducator.eu\/?s={search_term_string}"},"query-input":{"@type":"PropertyValueSpecification","valueRequired":true,"valueName":"search_term_string"}}],"inLanguage":"pl-PL"},{"@type":"Organization","@id":"https:\/\/bioeducator.eu\/#organization","name":"Bioeducator.eu","url":"https:\/\/bioeducator.eu\/","logo":{"@type":"ImageObject","inLanguage":"pl-PL","@id":"https:\/\/bioeducator.eu\/#\/schema\/logo\/image\/","url":"https:\/\/bioeducator.eu\/wp-content\/uploads\/2025\/03\/Bioeducator_logo_poziom.png","contentUrl":"https:\/\/bioeducator.eu\/wp-content\/uploads\/2025\/03\/Bioeducator_logo_poziom.png","width":3910,"height":935,"caption":"Bioeducator.eu"},"image":{"@id":"https:\/\/bioeducator.eu\/#\/schema\/logo\/image\/"}}]}},"_links":{"self":[{"href":"https:\/\/bioeducator.eu\/index.php?rest_route=\/wp\/v2\/pages\/1215","targetHints":{"allow":["GET"]}}],"collection":[{"href":"https:\/\/bioeducator.eu\/index.php?rest_route=\/wp\/v2\/pages"}],"about":[{"href":"https:\/\/bioeducator.eu\/index.php?rest_route=\/wp\/v2\/types\/page"}],"author":[{"embeddable":true,"href":"https:\/\/bioeducator.eu\/index.php?rest_route=\/wp\/v2\/users\/1"}],"replies":[{"embeddable":true,"href":"https:\/\/bioeducator.eu\/index.php?rest_route=%2Fwp%2Fv2%2Fcomments&post=1215"}],"version-history":[{"count":7,"href":"https:\/\/bioeducator.eu\/index.php?rest_route=\/wp\/v2\/pages\/1215\/revisions"}],"predecessor-version":[{"id":2033,"href":"https:\/\/bioeducator.eu\/index.php?rest_route=\/wp\/v2\/pages\/1215\/revisions\/2033"}],"up":[{"embeddable":true,"href":"https:\/\/bioeducator.eu\/index.php?rest_route=\/wp\/v2\/pages\/103"}],"wp:featuredmedia":[{"embeddable":true,"href":"https:\/\/bioeducator.eu\/index.php?rest_route=\/wp\/v2\/media\/229"}],"wp:attachment":[{"href":"https:\/\/bioeducator.eu\/index.php?rest_route=%2Fwp%2Fv2%2Fmedia&parent=1215"}],"curies":[{"name":"wp","href":"https:\/\/api.w.org\/{rel}","templated":true}]}}